{"id":370,"date":"2025-03-05T17:40:25","date_gmt":"2025-03-05T16:40:25","guid":{"rendered":"http:\/\/wordpress.p687827.webspaceconfig.de\/statues\/"},"modified":"2025-03-28T15:43:52","modified_gmt":"2025-03-28T14:43:52","slug":"statuten","status":"publish","type":"page","link":"https:\/\/www.ctgce.com\/de\/statuten\/","title":{"rendered":"Statuten"},"content":{"rendered":"\t\t<div data-elementor-type=\"wp-page\" data-elementor-id=\"370\" class=\"elementor elementor-370 elementor-38\">\n\t\t\t\t<div class=\"elementor-element elementor-element-e583871 e-flex e-con-boxed e-con e-parent\" data-id=\"e583871\" data-element_type=\"container\" data-e-type=\"container\">\n\t\t\t\t\t<div class=\"e-con-inner\">\n\t\t\t\t<div class=\"elementor-element elementor-element-f46e9b7 elementor-widget elementor-widget-image\" data-id=\"f46e9b7\" data-element_type=\"widget\" data-e-type=\"widget\" data-widget_type=\"image.default\">\n\t\t\t\t<div class=\"elementor-widget-container\">\n\t\t\t\t\t\t\t\t\t\t\t\t\t\t\t<img fetchpriority=\"high\" decoding=\"async\" width=\"800\" height=\"206\" src=\"https:\/\/www.ctgce.com\/wp-content\/uploads\/2025\/03\/tannenzweig.jpg\" class=\"attachment-large size-large wp-image-337\" alt=\"\" srcset=\"https:\/\/www.ctgce.com\/wp-content\/uploads\/2025\/03\/tannenzweig.jpg 900w, https:\/\/www.ctgce.com\/wp-content\/uploads\/2025\/03\/tannenzweig-300x77.jpg 300w, https:\/\/www.ctgce.com\/wp-content\/uploads\/2025\/03\/tannenzweig-768x198.jpg 768w\" sizes=\"(max-width: 800px) 100vw, 800px\" \/>\t\t\t\t\t\t\t\t\t\t\t\t\t\t\t<\/div>\n\t\t\t\t<\/div>\n\t\t\t\t\t<\/div>\n\t\t\t\t<\/div>\n\t\t<div class=\"elementor-element elementor-element-59cc3a0 e-flex e-con-boxed e-con e-parent\" data-id=\"59cc3a0\" data-element_type=\"container\" data-e-type=\"container\">\n\t\t\t\t\t<div class=\"e-con-inner\">\n\t\t\t\t<div class=\"elementor-element elementor-element-49ada42 elementor-widget elementor-widget-heading\" data-id=\"49ada42\" data-element_type=\"widget\" data-e-type=\"widget\" data-widget_type=\"heading.default\">\n\t\t\t\t<div class=\"elementor-widget-container\">\n\t\t\t\t\t<h1 class=\"elementor-heading-title elementor-size-default\">Statuten<\/h1>\t\t\t\t<\/div>\n\t\t\t\t<\/div>\n\t\t\t\t<div class=\"elementor-element elementor-element-4b759ab elementor-widget elementor-widget-text-editor\" data-id=\"4b759ab\" data-element_type=\"widget\" data-e-type=\"widget\" data-widget_type=\"text-editor.default\">\n\t\t\t\t<div class=\"elementor-widget-container\">\n\t\t\t\t\t\t\t\t\t<p><strong>Statuten des Rates der Europ\u00e4ischen Weihnachtsbaum- und Schnittgr\u00fcnproduzenten (beschlossen am 10.2.2009 in Wenzendorf, Deutschland)<\/strong><\/p><p>Dieses Dokument k\u00f6nnen Sie auch downloaden <a href=\"https:\/\/www.ctgce.com\/wp-content\/uploads\/images\/pdfs\/StatutesCTGCEWenzendorf_10_2_09.pdf\" target=\"_blank\" rel=\"noopener\">pdf download &gt;&gt;<\/a><\/p><p><strong>1. Name<\/strong><br \/>Christmas Tree Growers Council of Europe<br \/>Conseil des Producteurs de Sapins de No\u00ebl d&#8217;Europe<br \/>Rat der Europ\u00e4ischen Weihnachtsbaum- und Schnittgr\u00fcnproduzenten<br \/>Die offizielle Abk\u00fcrzung der Vereinigung lautet in allen Sprachen CTGCE.<\/p><p><strong>2. Adresse der Leitung des CTGCE<\/strong><br \/>Das offizielle B\u00fcro des CTGCE befindet sich jeweils am Sitz der Vereinigung in dem Mitgliedsland, das gerade den Vorsitz f\u00fchrt. Name und Adresse des Vorsitzenden befinden sich jeweils auf der Homepage des CTGCE: www.ctgce.com. (http:\/\/www.ctgce.com.\/)<\/p><p><strong>3. Ziele<\/strong><br \/>a) die Beseitigung von ungerechten Handelsbedingungen durch Etablierung von fairen und gleichen Bedingungen innerhalb der Europ\u00e4ischen Union f\u00fcr zB Besteuerung und flanzenschutzmittelkontrollen etc. Daf\u00fcr sollte das CTGCE die F\u00e4higkeit haben, das Europ\u00e4ische Parlament und die Europ\u00e4ische Kommission zu beeinflussen.<br \/>b) die F\u00f6rderung des Verkaufs von nat\u00fcrlichen Weihnachtsb\u00e4umen, um den Markt f\u00fcr diese innerhalb der Europ\u00e4ischen Union auszudehnen.<br \/>c) die Verbesserungen der Qualit\u00e4t nat\u00fcrlicher Weihnachtsb\u00e4ume zu f\u00f6rdern und G\u00fcteklassen zu definieren, um gerechten Handel zu unterst\u00fctzen.<br \/>d) Regierungen und insbesondere die europ\u00e4ische Kommission zu beeinflussen, um Regelungen einzuf\u00fchren, die das Bewirtschaften, den Handel und die Vermarktung von nat\u00fcrlichen Weihnachtsb\u00e4umen unterst\u00fctzen und Vorschriften beseitigen, die dies hemmen k\u00f6nnten. Diese Beeinflussung sollte vor allem durch gemeinsame Interventionen bei den jeweiligen Landesvertretungen in den einzelnen Mitgliedsstaaten erfolgen.<\/p><p><strong>4. Mitgliedschaft im CTGCE<\/strong><br \/>Alle EU-L\u00e4nder k\u00f6nnen im CTGCE vertreten sein. L\u00e4nder au\u00dferhalb der Europ\u00e4ischen Union k\u00f6nnen im CTGCE mit der Zustimmung einer Mehrheit der Mitglieder ebenfalls vertreten sein. Jedes Land kann im CTGCE von zwei Vertretern repr\u00e4sentiert werden, die demokratisch von den Weihnachtsbaumproduzenten in jedem Land ausgew\u00e4hlt worden sind. Diese Vertreter m\u00fcssen Repr\u00e4sentanten der Landesverb\u00e4nde oder, wenn eine solche nicht vorhanden ist, einer regionalen Vereinigungen sein. Gibt es solche Vereinigungen in einem Land nicht, so k\u00f6nnen auch einzelne Produzenten des Landes Mitglied werden. Diese Einzelmitglieder haben jedoch keine Stimme im CTGCE.<\/p><p><strong>5. Aufnahme von Mitgliedern<\/strong><br \/>Alle Mitgliedsaufnahmeantr\u00e4ge unterliegen der Zustimmung des CTGCE, und es wird von den neuen Mitgliedern verlangt, dass sie beweisen, dass die Wahl der Repr\u00e4sentanten das Ergebnis eines demokratischen Wahlverfahrens der Weihnachtsbaumproduzenten des jeweiligen Landes war. Jedes Land kann zu jeder Zeit aus dem CTGCE austreten, allerdings hat es kein Recht auf R\u00fcckzahlung des j\u00e4hrlich im Voraus bezahlten Jahresmitgliedsbeitrages. Das CTGCE kann jeder Zeit die Mitgliedschaft Landes mit 2\/3 Mehrheit k\u00fcndigen.<\/p><p><strong>6. Mitgliedsbeitrag<\/strong><br \/>Der Mitgliedsbeitrag betr\u00e4gt f\u00fcr jedes Land 500 Euro pro Jahr spesenfrei. Der Mitgliedsbeitrag soll am Beginn jedes Jahres nach Aufforderung (Rechnungsstellung) durch den jeweiligen Pr\u00e4sidenten bezahlt werden. Wird nach der zweiten Mahnung noch immer nicht bezahlt, wird eine Mahngeb\u00fchr von 10% kassiert. Wird nach dreimaliger Mahnung der Mitgliedsbeitrag noch immer nicht bezahlt, so kann ein Mitglied von der Versammlung auch ausgeschlossen werden. Neue Mitglieder m\u00fcssen den j\u00e4hrlichen Mitgliedsbeitrag des laufenden Jahres nicht bezahlen.<\/p><p><strong>7. Organisation des CTGCE<\/strong><br \/>Die Leitung des CTGCE obliegt dem Pr\u00e4sidenten und einem Vizepr\u00e4sidenten, die von den Mitgliedern des CTGCE gew\u00e4hlt werden. Sie m\u00fcssen verschiedener Nationalit\u00e4t sein und sind f\u00fcr bis zu drei Jahre im Amt, vorausgesetzt, sie werden jedes Jahr wieder demokratisch von der Nation, die sie vertreten, gew\u00e4hlt. Der Pr\u00e4sident muss in jedem Jahr bei der ersten Sitzung in geheimer Wahl best\u00e4tigt werden. Bei einer Abwahl des Pr\u00e4sidenten \u00fcbernimmt der Vizepr\u00e4sident den Vorsitz. Der Pr\u00e4sident hat das Recht die Sitzungen in seiner Muttersprache zu f\u00fchren und seine Ausf\u00fchrungen durch einen Dolmetsch ins Englische \u00fcbersetzen zu lassen. Die Kosten f\u00fcr die \u00dcbersetzung bezahlt das CTGCE. Das CTGCE trifft sich mindestens zweimal im Jahr. Die Orte der Treffen werden in den vorhergehenden Sitzungen beschlossen. Eines dieser Treffen sollte in einem Mitgliedsland stattfinden, zu dem dann alle Mitglieder der einzelnen L\u00e4nderorganisationen eingeladen werden. Das CTGCE diskutiert alle Angelegenheiten, die den Weihnachtsbaummarkt betreffen, einschlie\u00dflich den Europ\u00e4ischen Weihnachtsbaummarkt, Regelungen, die die Produktion und die Vermarktung von Weihnachtsb\u00e4umen beeinflussen, \u00d6ffentlichkeitsarbeit und Werbung, Qualit\u00e4tskriterien, Trends in der Kultivierung und der Produktion von Weihnachtsb\u00e4umen, Forschungsbedarf usw. Jedes Land hat bei den Sitzungen eine Stimme. Wenn die Stimmen gleich verteilt sind, ist die Stimme des Pr\u00e4sidenten entscheidend. Das Quorum bei jedem Treffen ist durch mindestens einen Repr\u00e4sentanten der H\u00e4lfte der Mitglieder erf\u00fcllt. Die Sitzungsprotokolle m\u00fcssen nur in Englisch an alle Mitglieder ausgeschickt werden. Es gibt verpflichtende Rundschreiben per E-Mail und es hat jedes Mitgliedsland am Beginn des Jahres nach Aufforderung einen Bericht \u00fcber die Marktsituation (Mengen, Preise, Gesch\u00e4ftsverlauf, Probleme, \u2026) an den Pr\u00e4sidenten zu schicken. Diese Daten werden zu einem Jahresbericht zusammengefasst, der von den Mitgliedern zur Information an die Mitglieder in ihrem Land verwendet werden kann. Das CTGCE kann zu den Treffen jederzeit Experten hin zu w\u00e4hlen, diese haben jedoch keine Stimme bei einer Wahl.<\/p><p><strong>8. J\u00e4hrliche Treffen<\/strong><br \/>Das CTGCE wird jedes Jahr ein vertretenes Land dazu einladen, eine Tagung zu organisieren. Das Gastgeberland ist daf\u00fcr verantwortlich, alle Mitglieder einzuladen. Es wird gehofft, dass die Einladung auch an alle Mitglieder der Landesverb\u00e4nde weitergeleitet wird. Das einladende Land ist verantwortlich f\u00fcr die Finanzierung der Tagung, f\u00fcr die Einhebung einer Tagungsgeb\u00fchr und f\u00fcr die Beschaffung von geeigneten Unterk\u00fcnften. Weiters sollte die Tagung ein Fachprogramm mit Besichtigungen in Weihnachtsbaumkulturen beinhalten. Das einladende Land sollte sich au\u00dferdem um eine \u00dcbersetzung in die wichtigsten europ\u00e4ischen Sprachen (Englisch, Deutsch, Franz\u00f6sisch \u2026) bem\u00fchen. Der Pr\u00e4sident ist \u00fcber die Vorbereitungen entsprechend zu informieren.<\/p><p><strong>9. Verwaltung<\/strong><br \/>Der Pr\u00e4sident ist verantwortlich f\u00fcr den Ablauf, die Verwaltung und die finanziellen Kontrollen der Aktivit\u00e4ten des CTGCE. Der Pr\u00e4sident hat j\u00e4hrlich einen Jahresbericht \u00fcber die Finanzen des CTGCE zu erstellen.<\/p>\t\t\t\t\t\t\t\t<\/div>\n\t\t\t\t<\/div>\n\t\t\t\t\t<\/div>\n\t\t\t\t<\/div>\n\t\t\t\t<\/div>\n\t\t","protected":false},"excerpt":{"rendered":"<p>Statuten Statuten des Rates der Europ\u00e4ischen Weihnachtsbaum- und Schnittgr\u00fcnproduzenten (beschlossen am 10.2.2009 in Wenzendorf, Deutschland) Dieses Dokument k\u00f6nnen Sie auch downloaden pdf download &gt;&gt; 1. NameChristmas Tree Growers Council of EuropeConseil des Producteurs de Sapins de No\u00ebl d&#8217;EuropeRat der Europ\u00e4ischen Weihnachtsbaum- und Schnittgr\u00fcnproduzentenDie offizielle Abk\u00fcrzung der Vereinigung lautet in allen Sprachen CTGCE. 2. Adresse der [&hellip;]<\/p>\n","protected":false},"author":2,"featured_media":0,"parent":0,"menu_order":0,"comment_status":"closed","ping_status":"closed","template":"elementor_header_footer","meta":{"footnotes":""},"class_list":["post-370","page","type-page","status-publish","hentry"],"_links":{"self":[{"href":"https:\/\/www.ctgce.com\/de\/wp-json\/wp\/v2\/pages\/370","targetHints":{"allow":["GET"]}}],"collection":[{"href":"https:\/\/www.ctgce.com\/de\/wp-json\/wp\/v2\/pages"}],"about":[{"href":"https:\/\/www.ctgce.com\/de\/wp-json\/wp\/v2\/types\/page"}],"author":[{"embeddable":true,"href":"https:\/\/www.ctgce.com\/de\/wp-json\/wp\/v2\/users\/2"}],"replies":[{"embeddable":true,"href":"https:\/\/www.ctgce.com\/de\/wp-json\/wp\/v2\/comments?post=370"}],"version-history":[{"count":14,"href":"https:\/\/www.ctgce.com\/de\/wp-json\/wp\/v2\/pages\/370\/revisions"}],"predecessor-version":[{"id":1741,"href":"https:\/\/www.ctgce.com\/de\/wp-json\/wp\/v2\/pages\/370\/revisions\/1741"}],"wp:attachment":[{"href":"https:\/\/www.ctgce.com\/de\/wp-json\/wp\/v2\/media?parent=370"}],"curies":[{"name":"wp","href":"https:\/\/api.w.org\/{rel}","templated":true}]}}