{"id":368,"date":"2025-03-05T17:42:35","date_gmt":"2025-03-05T16:42:35","guid":{"rendered":"http:\/\/wordpress.p687827.webspaceconfig.de\/newsletter\/"},"modified":"2025-03-28T15:41:12","modified_gmt":"2025-03-28T14:41:12","slug":"newsletter","status":"publish","type":"page","link":"https:\/\/www.ctgce.com\/de\/newsletter\/","title":{"rendered":"Newsletter"},"content":{"rendered":"\t\t<div data-elementor-type=\"wp-page\" data-elementor-id=\"368\" class=\"elementor elementor-368 elementor-50\">\n\t\t\t\t<div class=\"elementor-element elementor-element-1d05351 e-flex e-con-boxed e-con e-parent\" data-id=\"1d05351\" data-element_type=\"container\" data-e-type=\"container\">\n\t\t\t\t\t<div class=\"e-con-inner\">\n\t\t\t\t<div class=\"elementor-element elementor-element-ef49355 elementor-widget elementor-widget-image\" data-id=\"ef49355\" data-element_type=\"widget\" data-e-type=\"widget\" data-widget_type=\"image.default\">\n\t\t\t\t<div class=\"elementor-widget-container\">\n\t\t\t\t\t\t\t\t\t\t\t\t\t\t\t<img fetchpriority=\"high\" decoding=\"async\" width=\"800\" height=\"206\" src=\"https:\/\/www.ctgce.com\/wp-content\/uploads\/2025\/03\/tannenzweig.jpg\" class=\"attachment-large size-large wp-image-337\" alt=\"\" srcset=\"https:\/\/www.ctgce.com\/wp-content\/uploads\/2025\/03\/tannenzweig.jpg 900w, https:\/\/www.ctgce.com\/wp-content\/uploads\/2025\/03\/tannenzweig-300x77.jpg 300w, https:\/\/www.ctgce.com\/wp-content\/uploads\/2025\/03\/tannenzweig-768x198.jpg 768w\" sizes=\"(max-width: 800px) 100vw, 800px\" \/>\t\t\t\t\t\t\t\t\t\t\t\t\t\t\t<\/div>\n\t\t\t\t<\/div>\n\t\t\t\t\t<\/div>\n\t\t\t\t<\/div>\n\t\t<div class=\"elementor-element elementor-element-77b937c e-flex e-con-boxed e-con e-parent\" data-id=\"77b937c\" data-element_type=\"container\" data-e-type=\"container\">\n\t\t\t\t\t<div class=\"e-con-inner\">\n\t\t\t\t<div class=\"elementor-element elementor-element-cda8b15 elementor-widget elementor-widget-heading\" data-id=\"cda8b15\" data-element_type=\"widget\" data-e-type=\"widget\" data-widget_type=\"heading.default\">\n\t\t\t\t<div class=\"elementor-widget-container\">\n\t\t\t\t\t<h1 class=\"elementor-heading-title elementor-size-default\">Newsletter<\/h1>\t\t\t\t<\/div>\n\t\t\t\t<\/div>\n\t\t\t\t<div class=\"elementor-element elementor-element-5e6f43c elementor-widget elementor-widget-text-editor\" data-id=\"5e6f43c\" data-element_type=\"widget\" data-e-type=\"widget\" data-widget_type=\"text-editor.default\">\n\t\t\t\t<div class=\"elementor-widget-container\">\n\t\t\t\t\t\t\t\t\t<p>Der CTGCE ver\u00f6ffentlicht nicht selber Newsletter, aber die meisten Mitgliedsverb\u00e4nde haben ein Newsletter f\u00fcr nationale\/regionale Mitglieder. Eine Mitgliedschaft vermittelt deshalb die neuesten Nachrichten mit einem nationalen\/regionalen Fokus.<\/p><p>Die IUFRO ver\u00f6ffentlicht ein Newsletter, in dem man sich mit Forschung und Entwicklung innerhalb der Weihnachtsbaumbranche besch\u00e4ftigt. Dieses Newsletter kann auf der Homepage der IUFRO Gruppe heruntergeladen werden.<\/p><p>Siehe mehr \u00fcber die <a href=\"https:\/\/www.iufro.org\/divisions\/20000-physiology-and-genetics\/20200-conifer-breeding-and-genetic-resources\/20209-christmas-trees\/\" target=\"_blank\" rel=\"noopener\">IUFRO Gruppe 2.02.09 \u2013 Christmas trees<\/a> <\/p>\t\t\t\t\t\t\t\t<\/div>\n\t\t\t\t<\/div>\n\t\t\t\t\t<\/div>\n\t\t\t\t<\/div>\n\t\t\t\t<\/div>\n\t\t","protected":false},"excerpt":{"rendered":"<p>Newsletter Der CTGCE ver\u00f6ffentlicht nicht selber Newsletter, aber die meisten Mitgliedsverb\u00e4nde haben ein Newsletter f\u00fcr nationale\/regionale Mitglieder. Eine Mitgliedschaft vermittelt deshalb die neuesten Nachrichten mit einem nationalen\/regionalen Fokus. Die IUFRO ver\u00f6ffentlicht ein Newsletter, in dem man sich mit Forschung und Entwicklung innerhalb der Weihnachtsbaumbranche besch\u00e4ftigt. Dieses Newsletter kann auf der Homepage der IUFRO Gruppe heruntergeladen [&hellip;]<\/p>\n","protected":false},"author":2,"featured_media":0,"parent":0,"menu_order":0,"comment_status":"closed","ping_status":"closed","template":"elementor_header_footer","meta":{"footnotes":""},"class_list":["post-368","page","type-page","status-publish","hentry"],"_links":{"self":[{"href":"https:\/\/www.ctgce.com\/de\/wp-json\/wp\/v2\/pages\/368","targetHints":{"allow":["GET"]}}],"collection":[{"href":"https:\/\/www.ctgce.com\/de\/wp-json\/wp\/v2\/pages"}],"about":[{"href":"https:\/\/www.ctgce.com\/de\/wp-json\/wp\/v2\/types\/page"}],"author":[{"embeddable":true,"href":"https:\/\/www.ctgce.com\/de\/wp-json\/wp\/v2\/users\/2"}],"replies":[{"embeddable":true,"href":"https:\/\/www.ctgce.com\/de\/wp-json\/wp\/v2\/comments?post=368"}],"version-history":[{"count":10,"href":"https:\/\/www.ctgce.com\/de\/wp-json\/wp\/v2\/pages\/368\/revisions"}],"predecessor-version":[{"id":1735,"href":"https:\/\/www.ctgce.com\/de\/wp-json\/wp\/v2\/pages\/368\/revisions\/1735"}],"wp:attachment":[{"href":"https:\/\/www.ctgce.com\/de\/wp-json\/wp\/v2\/media?parent=368"}],"curies":[{"name":"wp","href":"https:\/\/api.w.org\/{rel}","templated":true}]}}