{"id":366,"date":"2025-03-05T17:40:09","date_gmt":"2025-03-05T16:40:09","guid":{"rendered":"http:\/\/wordpress.p687827.webspaceconfig.de\/members\/"},"modified":"2026-01-30T11:03:00","modified_gmt":"2026-01-30T10:03:00","slug":"mitglieder","status":"publish","type":"page","link":"https:\/\/www.ctgce.com\/de\/mitglieder\/","title":{"rendered":"Mitglieder"},"content":{"rendered":"\t\t<div data-elementor-type=\"wp-page\" data-elementor-id=\"366\" class=\"elementor elementor-366 elementor-36\">\n\t\t\t\t<div class=\"elementor-element elementor-element-d46ee50 e-flex e-con-boxed e-con e-parent\" data-id=\"d46ee50\" data-element_type=\"container\" data-e-type=\"container\">\n\t\t\t\t\t<div class=\"e-con-inner\">\n\t\t\t\t<div class=\"elementor-element elementor-element-1558fb1 elementor-widget elementor-widget-image\" data-id=\"1558fb1\" data-element_type=\"widget\" data-e-type=\"widget\" data-widget_type=\"image.default\">\n\t\t\t\t<div class=\"elementor-widget-container\">\n\t\t\t\t\t\t\t\t\t\t\t\t\t\t\t<img fetchpriority=\"high\" decoding=\"async\" width=\"800\" height=\"232\" src=\"https:\/\/www.ctgce.com\/wp-content\/uploads\/2025\/03\/christmastree-wonderful--1024x297.png\" class=\"attachment-large size-large wp-image-825\" alt=\"\" srcset=\"https:\/\/www.ctgce.com\/wp-content\/uploads\/2025\/03\/christmastree-wonderful--1024x297.png 1024w, https:\/\/www.ctgce.com\/wp-content\/uploads\/2025\/03\/christmastree-wonderful--300x87.png 300w, https:\/\/www.ctgce.com\/wp-content\/uploads\/2025\/03\/christmastree-wonderful--768x223.png 768w, https:\/\/www.ctgce.com\/wp-content\/uploads\/2025\/03\/christmastree-wonderful--1536x446.png 1536w, https:\/\/www.ctgce.com\/wp-content\/uploads\/2025\/03\/christmastree-wonderful-.png 1874w\" sizes=\"(max-width: 800px) 100vw, 800px\" \/>\t\t\t\t\t\t\t\t\t\t\t\t\t\t\t<\/div>\n\t\t\t\t<\/div>\n\t\t\t\t\t<\/div>\n\t\t\t\t<\/div>\n\t\t<div class=\"elementor-element elementor-element-f3b3758 e-flex e-con-boxed e-con e-parent\" data-id=\"f3b3758\" data-element_type=\"container\" data-e-type=\"container\">\n\t\t\t\t\t<div class=\"e-con-inner\">\n\t\t\t\t<div class=\"elementor-element elementor-element-93eb895 elementor-widget elementor-widget-heading\" data-id=\"93eb895\" data-element_type=\"widget\" data-e-type=\"widget\" data-widget_type=\"heading.default\">\n\t\t\t\t<div class=\"elementor-widget-container\">\n\t\t\t\t\t<h1 class=\"elementor-heading-title elementor-size-default\">Mitglieder<\/h1>\t\t\t\t<\/div>\n\t\t\t\t<\/div>\n\t\t\t\t<div class=\"elementor-element elementor-element-0dee34d elementor-widget elementor-widget-text-editor\" data-id=\"0dee34d\" data-element_type=\"widget\" data-e-type=\"widget\" data-widget_type=\"text-editor.default\">\n\t\t\t\t<div class=\"elementor-widget-container\">\n\t\t\t\t\t\t\t\t\t<p>Mitglieder des Verbandes sind die jeweiligen Repr\u00e4sentanten der einzelnen EU-L\u00e4nder (gew\u00e4hlte Vertreter der Nationalen oder Regionalen Verb\u00e4nde).<br \/><br \/>Pr\u00e4sident: Lars Zimmermann D; Vizepr\u00e4sidentschaft: \u00d6sterreich<br \/>Nationale Verb\u00e4nde oder Nationale Repr\u00e4sentanten:<\/p>\t\t\t\t\t\t\t\t<\/div>\n\t\t\t\t<\/div>\n\t\t\t\t\t<\/div>\n\t\t\t\t<\/div>\n\t\t<div class=\"elementor-element elementor-element-b44aaf9 e-grid e-con-boxed e-con e-parent\" data-id=\"b44aaf9\" data-element_type=\"container\" data-e-type=\"container\">\n\t\t\t\t\t<div class=\"e-con-inner\">\n\t\t<div class=\"elementor-element elementor-element-7c9abef e-con-full e-flex e-con e-child\" data-id=\"7c9abef\" data-element_type=\"container\" data-e-type=\"container\">\n\t\t\t\t<div class=\"elementor-element elementor-element-6a5fd6b elementor-widget elementor-widget-image\" data-id=\"6a5fd6b\" data-element_type=\"widget\" data-e-type=\"widget\" data-widget_type=\"image.default\">\n\t\t\t\t<div class=\"elementor-widget-container\">\n\t\t\t\t\t\t\t\t\t\t\t\t\t\t\t<img decoding=\"async\" width=\"60\" height=\"40\" src=\"https:\/\/www.ctgce.com\/wp-content\/uploads\/2025\/03\/german_flag.png\" class=\"attachment-large size-large wp-image-330\" alt=\"\" \/>\t\t\t\t\t\t\t\t\t\t\t\t\t\t\t<\/div>\n\t\t\t\t<\/div>\n\t\t\t\t<div class=\"elementor-element elementor-element-c3f7a52 elementor-widget elementor-widget-text-editor\" data-id=\"c3f7a52\" data-element_type=\"widget\" data-e-type=\"widget\" data-widget_type=\"text-editor.default\">\n\t\t\t\t<div class=\"elementor-widget-container\">\n\t\t\t\t\t\t\t\t\t<p><strong>Repr\u00e4sentanten Deutschland<br \/><\/strong><a href=\"mailto:info@forstprodukte.de\" target=\"_blank\" rel=\"noopener\">HENNECKE Eberhard<\/a><br \/><a href=\"mailto:lars.zimmermann@hunsruecker-weihnachtsbaeume.de\" target=\"_blank\" rel=\"noopener\">ZIMMERMANN Lars<\/a><br \/><a href=\"mailto:martin.gutzweiler@forstbetrieb-gutzweiler.de\" target=\"_blank\" rel=\"noopener\">Martin Gutzweiler<\/a><\/p><p><strong>Adresse<\/strong><br \/>Stockumer Str. 66<br \/>59846 Sundern-D\u00f6rnholthausen<br \/>Deutschland<\/p><p><strong>Tel, internet:<\/strong><br \/>Tel. +49 0170 4736150<br \/>Tel. +49 71 20 20 30<br \/><a href=\"http:\/\/www.bvwe.de\/\" target=\"_blank\" rel=\"noopener\">www.bvwe.de<\/a><\/p>\t\t\t\t\t\t\t\t<\/div>\n\t\t\t\t<\/div>\n\t\t\t\t<\/div>\n\t\t<div class=\"elementor-element elementor-element-694bff3 e-con-full e-flex e-con e-child\" data-id=\"694bff3\" data-element_type=\"container\" data-e-type=\"container\">\n\t\t\t\t<div class=\"elementor-element elementor-element-7c96ee4 elementor-widget elementor-widget-image\" data-id=\"7c96ee4\" data-element_type=\"widget\" data-e-type=\"widget\" data-widget_type=\"image.default\">\n\t\t\t\t<div class=\"elementor-widget-container\">\n\t\t\t\t\t\t\t\t\t\t\t\t\t\t\t<img decoding=\"async\" width=\"60\" height=\"40\" src=\"https:\/\/www.ctgce.com\/wp-content\/uploads\/2025\/03\/denmark_flag.png\" class=\"attachment-large size-large wp-image-328\" alt=\"\" \/>\t\t\t\t\t\t\t\t\t\t\t\t\t\t\t<\/div>\n\t\t\t\t<\/div>\n\t\t\t\t<div class=\"elementor-element elementor-element-cfafbbb elementor-widget elementor-widget-text-editor\" data-id=\"cfafbbb\" data-element_type=\"widget\" data-e-type=\"widget\" data-widget_type=\"text-editor.default\">\n\t\t\t\t<div class=\"elementor-widget-container\">\n\t\t\t\t\t\t\t\t\t<p><strong>Repr\u00e4sentanten D\u00e4nemark<br \/><\/strong><a href=\"mailto:sanglier18@gmail.com\" target=\"_blank\" rel=\"noopener\">PETERSEN Martin<\/a><br \/><a href=\"mailto:cjc@christmastree.dk\" target=\"_blank\" rel=\"noopener\">CHRISTENSEN Claus<\/a><\/p><p><strong>Adresses<\/strong><br \/>Danske Juletr\u00e6er<br \/>Blokken 15<br \/>3460 Birker\u00f8d<br \/>D\u00e4nemark<\/p><p><strong>Tel, internet:<\/strong><br \/>Tel. +45 45 35 24 12<br \/>Tel. +45 26 27 42 66<br \/><a href=\"https:\/\/christmastree.dk\/\" target=\"_blank\" rel=\"noopener\">www.christmastree.dk<\/a><\/p>\t\t\t\t\t\t\t\t<\/div>\n\t\t\t\t<\/div>\n\t\t\t\t<\/div>\n\t\t<div class=\"elementor-element elementor-element-f0a743f e-con-full e-flex e-con e-child\" data-id=\"f0a743f\" data-element_type=\"container\" data-e-type=\"container\">\n\t\t\t\t<div class=\"elementor-element elementor-element-36c5850 elementor-widget elementor-widget-image\" data-id=\"36c5850\" data-element_type=\"widget\" data-e-type=\"widget\" data-widget_type=\"image.default\">\n\t\t\t\t<div class=\"elementor-widget-container\">\n\t\t\t\t\t\t\t\t\t\t\t\t\t\t\t<img loading=\"lazy\" decoding=\"async\" width=\"60\" height=\"40\" src=\"https:\/\/www.ctgce.com\/wp-content\/uploads\/2025\/03\/belgum_flag.png\" class=\"attachment-large size-large wp-image-326\" alt=\"\" \/>\t\t\t\t\t\t\t\t\t\t\t\t\t\t\t<\/div>\n\t\t\t\t<\/div>\n\t\t\t\t<div class=\"elementor-element elementor-element-ae3a88d elementor-widget elementor-widget-text-editor\" data-id=\"ae3a88d\" data-element_type=\"widget\" data-e-type=\"widget\" data-widget_type=\"text-editor.default\">\n\t\t\t\t<div class=\"elementor-widget-container\">\n\t\t\t\t\t\t\t\t\t<p><strong>Repr\u00e4sentanten Belgien<br \/><\/strong><a href=\"mailto: info@pirothon.be\">PIROTHON, Yves<\/a><br \/><a href=\"mailto:sepfph@uap.be\">GROSJEAN Florian<\/a><br \/><a href=\"mailto:anais.cordier@uap.be\">CORDIER Ana\u00efs<\/a><\/p><p><strong>Adresses<\/strong><br \/>Place de la Foire, 10<br \/>6840 Neufch\u00e2teau<br \/>Belgien<\/p><p><strong>Tel, internet:<\/strong><br \/>Tel. +32 61 61 24 60<br \/>Fax +32 61 50 16 54<br \/><a href=\"http:\/\/www.uap.be\/\" target=\"_blank\" rel=\"noopener\">www.uap.be<\/a>\u00a0<\/p>\t\t\t\t\t\t\t\t<\/div>\n\t\t\t\t<\/div>\n\t\t\t\t<\/div>\n\t\t<div class=\"elementor-element elementor-element-f7281b9 e-con-full e-flex e-con e-child\" data-id=\"f7281b9\" data-element_type=\"container\" data-e-type=\"container\">\n\t\t\t\t<div class=\"elementor-element elementor-element-721dbe2 elementor-widget elementor-widget-image\" data-id=\"721dbe2\" data-element_type=\"widget\" data-e-type=\"widget\" data-widget_type=\"image.default\">\n\t\t\t\t<div class=\"elementor-widget-container\">\n\t\t\t\t\t\t\t\t\t\t\t\t\t\t\t<img loading=\"lazy\" decoding=\"async\" width=\"60\" height=\"40\" src=\"https:\/\/www.ctgce.com\/wp-content\/uploads\/2025\/03\/ireland_flag.png\" class=\"attachment-large size-large wp-image-332\" alt=\"\" \/>\t\t\t\t\t\t\t\t\t\t\t\t\t\t\t<\/div>\n\t\t\t\t<\/div>\n\t\t\t\t<div class=\"elementor-element elementor-element-0c41851 elementor-widget elementor-widget-text-editor\" data-id=\"0c41851\" data-element_type=\"widget\" data-e-type=\"widget\" data-widget_type=\"text-editor.default\">\n\t\t\t\t<div class=\"elementor-widget-container\">\n\t\t\t\t\t\t\t\t\t<p><strong>Repr\u00e4sentanten Irland<br \/><\/strong><a href=\"mailto:andrewfhatton@gmail.com\" target=\"_blank\" rel=\"noopener\">HATTON Andrew<\/a><br \/><a href=\"mailto:joepflynn@gmail.com\" target=\"_blank\" rel=\"noopener\">FLYNN Joe<\/a><\/p><p><strong>Adresses<\/strong><br \/>Ballingate, Carnew, Co.<br \/>Wicklow<br \/>P.O. Box 8581, Glenageary<br \/>co Dublin<br \/>Irland<\/p><p><strong>Tel, internet:<\/strong><br \/>Tel. +353 874 188 410<br \/>Tel.\/Fax +353 12304973<br \/><a href=\"http:\/\/www.irishchristmastreegrowers.com\" target=\"_blank\" rel=\"noopener\">www.irishchristmastreegrowers.com<\/a><\/p>\t\t\t\t\t\t\t\t<\/div>\n\t\t\t\t<\/div>\n\t\t\t\t<\/div>\n\t\t<div class=\"elementor-element elementor-element-1797c63 e-con-full e-flex e-con e-child\" data-id=\"1797c63\" data-element_type=\"container\" data-e-type=\"container\">\n\t\t\t\t<div class=\"elementor-element elementor-element-c5eae39 elementor-widget elementor-widget-image\" data-id=\"c5eae39\" data-element_type=\"widget\" data-e-type=\"widget\" data-widget_type=\"image.default\">\n\t\t\t\t<div class=\"elementor-widget-container\">\n\t\t\t\t\t\t\t\t\t\t\t\t\t\t\t<img loading=\"lazy\" decoding=\"async\" width=\"60\" height=\"40\" src=\"https:\/\/www.ctgce.com\/wp-content\/uploads\/2025\/03\/great_britain_flag.png\" class=\"attachment-large size-large wp-image-331\" alt=\"\" \/>\t\t\t\t\t\t\t\t\t\t\t\t\t\t\t<\/div>\n\t\t\t\t<\/div>\n\t\t\t\t<div class=\"elementor-element elementor-element-42ed232 elementor-widget elementor-widget-text-editor\" data-id=\"42ed232\" data-element_type=\"widget\" data-e-type=\"widget\" data-widget_type=\"text-editor.default\">\n\t\t\t\t<div class=\"elementor-widget-container\">\n\t\t\t\t\t\t\t\t\t<p><strong>Repr\u00e4sentanten Gro\u00dfbritannien<br \/><\/strong><a href=\"mailto:dectfarm@gmail.com\" target=\"_blank\" rel=\"noopener\">PARKINS Russel<\/a><br \/><a href=\"mailto:enquiries@bctga.co.uk\" target=\"_blank\" rel=\"noopener\">PARRY Heather and WILD Pippa<\/a><\/p><p><strong>Adresses<\/strong><br \/>Great Yorkshire Showground<br \/>Harrogate<br \/>HG2 8NZ<br \/>Gro\u00dfbritannien<\/p><p><strong>Tel, internet:<\/strong><br \/>Tel. +44 1423 546160<br \/><a href=\"http:\/\/www.bctga.co.uk\/\" target=\"_blank\" rel=\"noopener noreferrer\">www.bctga.co.uk<\/a><\/p>\t\t\t\t\t\t\t\t<\/div>\n\t\t\t\t<\/div>\n\t\t\t\t<\/div>\n\t\t<div class=\"elementor-element elementor-element-952e8fa e-con-full e-flex e-con e-child\" data-id=\"952e8fa\" data-element_type=\"container\" data-e-type=\"container\">\n\t\t\t\t<div class=\"elementor-element elementor-element-c17ef85 elementor-widget elementor-widget-image\" data-id=\"c17ef85\" data-element_type=\"widget\" data-e-type=\"widget\" data-widget_type=\"image.default\">\n\t\t\t\t<div class=\"elementor-widget-container\">\n\t\t\t\t\t\t\t\t\t\t\t\t\t\t\t<img loading=\"lazy\" decoding=\"async\" width=\"60\" height=\"40\" src=\"https:\/\/www.ctgce.com\/wp-content\/uploads\/2025\/03\/france_flag.png\" class=\"attachment-large size-large wp-image-329\" alt=\"\" \/>\t\t\t\t\t\t\t\t\t\t\t\t\t\t\t<\/div>\n\t\t\t\t<\/div>\n\t\t\t\t<div class=\"elementor-element elementor-element-e0bbf56 elementor-widget elementor-widget-text-editor\" data-id=\"e0bbf56\" data-element_type=\"widget\" data-e-type=\"widget\" data-widget_type=\"text-editor.default\">\n\t\t\t\t<div class=\"elementor-widget-container\">\n\t\t\t\t\t\t\t\t\t<p><strong>Repr\u00e4sentanten Frankreich<br \/><\/strong><a href=\"mailto:bonoronsapins@wanadoo.fr\" target=\"_blank\" rel=\"noopener\">BONORON Jean-Christophe<\/a><br \/><a href=\"mailto:ets.marschand.p@gmail.com\" target=\"_blank\" rel=\"noopener\">MARSCHAND Pierre<\/a><br \/><a href=\"mailto:vincent.houis@afsnn.fr\" target=\"_blank\" rel=\"noopener\">HOUIS Vincent<\/a><br \/><a href=\"mailto:a.robin@robinpepinieres.com\" target=\"_blank\" rel=\"noopener\">ROBIN Alexandra<\/a><\/p><p><strong>Adresses<\/strong><br \/>La Gutteleau, 58230 Plachez-<br \/>en-Morvan<br \/>Les Pr\u00e9s, 58230 Alligny-en-<br \/>Morvan<br \/>Frankreich<\/p><p><strong>Tel, internet:<br \/><\/strong>+33\u00a003 86 84 50 74\u00a0<br \/>+33 03 86 78 73 90\u00a0<br \/><a href=\"http:\/\/www.afsnn.fr\/\" target=\"_blank\" rel=\"noopener noreferrer\">www.afsnn.fr<\/a><\/p>\t\t\t\t\t\t\t\t<\/div>\n\t\t\t\t<\/div>\n\t\t\t\t<\/div>\n\t\t<div class=\"elementor-element elementor-element-90696fd e-con-full e-flex e-con e-child\" data-id=\"90696fd\" data-element_type=\"container\" data-e-type=\"container\">\n\t\t\t\t<div class=\"elementor-element elementor-element-2d56266 elementor-widget elementor-widget-image\" data-id=\"2d56266\" data-element_type=\"widget\" data-e-type=\"widget\" data-widget_type=\"image.default\">\n\t\t\t\t<div class=\"elementor-widget-container\">\n\t\t\t\t\t\t\t\t\t\t\t\t\t\t\t<img loading=\"lazy\" decoding=\"async\" width=\"60\" height=\"40\" src=\"https:\/\/www.ctgce.com\/wp-content\/uploads\/2025\/03\/poland__flag.jpg\" class=\"attachment-large size-large wp-image-336\" alt=\"\" \/>\t\t\t\t\t\t\t\t\t\t\t\t\t\t\t<\/div>\n\t\t\t\t<\/div>\n\t\t\t\t<div class=\"elementor-element elementor-element-d0f2a8d elementor-widget elementor-widget-text-editor\" data-id=\"d0f2a8d\" data-element_type=\"widget\" data-e-type=\"widget\" data-widget_type=\"text-editor.default\">\n\t\t\t\t<div class=\"elementor-widget-container\">\n\t\t\t\t\t\t\t\t\t<p><strong>Repr\u00e4sentanten Polen<\/strong><br \/><a href=\"mailto:marcin@klopocinski.pl\" target=\"_blank\" rel=\"noopener\">KLOPOCINSKI Marcin<\/a><\/p><div class=\"elementor-element elementor-element-d0f2a8d elementor-widget elementor-widget-text-editor\" data-id=\"d0f2a8d\" data-element_type=\"widget\" data-widget_type=\"text-editor.default\"><div class=\"elementor-widget-container\"><p><strong>Adresses<\/strong><br \/>Slonino 1B<br \/>78-720 Tychowo<br \/>Polen<\/p><p><strong>Tel, email, internet:<\/strong><br \/>Tel. +48 601 28 58 98<span id=\"cloak90d5936f90d76a78743dcd529b5546c5\"><\/span><br \/><a href=\"mailto:info@pspch.pl\">info@pspch.pl<\/a><a href=\"mailto:info@orfo.pl\"><br \/><\/a><a href=\"http:\/\/pspch.org\/\" target=\"_blank\" rel=\"noopener\">www.pspch.org<\/a><\/p><\/div><\/div>\t\t\t\t\t\t\t\t<\/div>\n\t\t\t\t<\/div>\n\t\t\t\t<\/div>\n\t\t<div class=\"elementor-element elementor-element-c07a66d e-con-full e-flex e-con e-child\" data-id=\"c07a66d\" data-element_type=\"container\" data-e-type=\"container\">\n\t\t\t\t<div class=\"elementor-element elementor-element-52d3899 elementor-widget elementor-widget-image\" data-id=\"52d3899\" data-element_type=\"widget\" data-e-type=\"widget\" data-widget_type=\"image.default\">\n\t\t\t\t<div class=\"elementor-widget-container\">\n\t\t\t\t\t\t\t\t\t\t\t\t\t\t\t<img loading=\"lazy\" decoding=\"async\" width=\"60\" height=\"40\" src=\"https:\/\/www.ctgce.com\/wp-content\/uploads\/2025\/03\/cech-republik_flag.png\" class=\"attachment-large size-large wp-image-327\" alt=\"\" \/>\t\t\t\t\t\t\t\t\t\t\t\t\t\t\t<\/div>\n\t\t\t\t<\/div>\n\t\t\t\t<div class=\"elementor-element elementor-element-028a652 elementor-widget elementor-widget-text-editor\" data-id=\"028a652\" data-element_type=\"widget\" data-e-type=\"widget\" data-widget_type=\"text-editor.default\">\n\t\t\t\t<div class=\"elementor-widget-container\">\n\t\t\t\t\t\t\t\t\t<p><strong>Repr\u00e4sentanten\u00a0Die Tschechische Republik<br \/><\/strong><a href=\"mailto:miroslav.kubu@centrum.cz\" target=\"_blank\" rel=\"noopener\">KUBU Miroslav<\/a><br \/><a href=\"mailto:info@stromktvanocni.cz\" target=\"_blank\" rel=\"noopener\">VALDMAN Frantisek<\/a><br \/><a href=\"mailto:sokol@baobab.cz\" target=\"_blank\" rel=\"noopener\">SOKOL David<\/a><\/p><p><strong>Adresses<\/strong><br \/>Nad prehradou 404<br \/>109 00 Prague 10<br \/>Die Tschechische Republik<\/p><p><strong>Tel, internet:<\/strong><br \/>Tel. +420 776 591 965<br \/><span id=\"cloaka4f67bc02bec6c23a698c815a09f501e\"><\/span><a href=\"http:\/\/www.pspch.org\/\" target=\"_blank\" rel=\"noopener\">www.vanocnistromek.cz<\/a><\/p>\t\t\t\t\t\t\t\t<\/div>\n\t\t\t\t<\/div>\n\t\t\t\t<\/div>\n\t\t<div class=\"elementor-element elementor-element-bbfd2ae e-con-full e-flex e-con e-child\" data-id=\"bbfd2ae\" data-element_type=\"container\" data-e-type=\"container\">\n\t\t\t\t<div class=\"elementor-element elementor-element-b210412 elementor-widget elementor-widget-image\" data-id=\"b210412\" data-element_type=\"widget\" data-e-type=\"widget\" data-widget_type=\"image.default\">\n\t\t\t\t<div class=\"elementor-widget-container\">\n\t\t\t\t\t\t\t\t\t\t\t\t\t\t\t<img loading=\"lazy\" decoding=\"async\" width=\"60\" height=\"40\" src=\"https:\/\/www.ctgce.com\/wp-content\/uploads\/2025\/03\/switzerland_flag.png\" class=\"attachment-large size-large wp-image-333\" alt=\"\" \/>\t\t\t\t\t\t\t\t\t\t\t\t\t\t\t<\/div>\n\t\t\t\t<\/div>\n\t\t\t\t<div class=\"elementor-element elementor-element-f73ddbf elementor-widget elementor-widget-text-editor\" data-id=\"f73ddbf\" data-element_type=\"widget\" data-e-type=\"widget\" data-widget_type=\"text-editor.default\">\n\t\t\t\t<div class=\"elementor-widget-container\">\n\t\t\t\t\t\t\t\t\t<p><strong>Repr\u00e4sentanten Schweiz<br \/><\/strong><a href=\"mailto:info@bubental.ch\" target=\"_blank\" rel=\"noopener\">OBERHOLZER Stefan<\/a><br \/><a href=\"mailto:philipp.gut@vd.so.ch\" target=\"_blank\" rel=\"noopener\">GUT Philipp<\/a><\/p><p><strong>Adresses<\/strong><br \/>Bubental 939,<br \/>CH 9230 Flawil SG<br \/>Schweiz<\/p><p><strong>Tel, fax, email, internet:<\/strong><br \/>Tel. +41 (0)79 208 93 67<br \/>Fax +41 (0)71 393 79 01<br \/><span id=\"cloak997801f92ab39c3783a0d3b382b637eb\"><\/span><a href=\"mailto:info@bubental.ch\">info@bubental.ch<\/a><br \/><a href=\"http:\/\/www.suisse-christbaum.ch\/\" target=\"_blank\" rel=\"noopener noreferrer\">www.suisse-christbaum.ch<\/a><\/p>\t\t\t\t\t\t\t\t<\/div>\n\t\t\t\t<\/div>\n\t\t\t\t<\/div>\n\t\t<div class=\"elementor-element elementor-element-839d1e4 e-con-full e-flex e-con e-child\" data-id=\"839d1e4\" data-element_type=\"container\" data-e-type=\"container\">\n\t\t\t\t<div class=\"elementor-element elementor-element-ed8385c elementor-widget elementor-widget-image\" data-id=\"ed8385c\" data-element_type=\"widget\" data-e-type=\"widget\" data-widget_type=\"image.default\">\n\t\t\t\t<div class=\"elementor-widget-container\">\n\t\t\t\t\t\t\t\t\t\t\t\t\t\t\t<img loading=\"lazy\" decoding=\"async\" width=\"60\" height=\"40\" src=\"https:\/\/www.ctgce.com\/wp-content\/uploads\/2025\/03\/netherland_flag.png\" class=\"attachment-large size-large wp-image-335\" alt=\"\" \/>\t\t\t\t\t\t\t\t\t\t\t\t\t\t\t<\/div>\n\t\t\t\t<\/div>\n\t\t\t\t<div class=\"elementor-element elementor-element-520a3a7 elementor-widget elementor-widget-text-editor\" data-id=\"520a3a7\" data-element_type=\"widget\" data-e-type=\"widget\" data-widget_type=\"text-editor.default\">\n\t\t\t\t<div class=\"elementor-widget-container\">\n\t\t\t\t\t\t\t\t\t<p><strong>Repr\u00e4sentanten Holland<br \/><\/strong><a href=\"mailto:jalaar1970@kpmail.nl\" target=\"_blank\" rel=\"noopener\">van de LAAR Hans<\/a><\/p><p><strong>Adresses<\/strong><br \/>Keske 8a<br \/>5694 NJ Son en Greugel<br \/>Holland<\/p><p><strong>Tel:<\/strong><br \/>Tel. +31 6 22434790<br \/><span id=\"cloakb404a7f78b04cc38d71158b7004aafc1\"><a href=\"mailto:jalaar1970@kpnmail.nl\">jalaar1970@kpnmail.nl<\/a><\/span><\/p>\t\t\t\t\t\t\t\t<\/div>\n\t\t\t\t<\/div>\n\t\t\t\t<\/div>\n\t\t<div class=\"elementor-element elementor-element-8d3c2cd e-con-full e-flex e-con e-child\" data-id=\"8d3c2cd\" data-element_type=\"container\" data-e-type=\"container\">\n\t\t\t\t<div class=\"elementor-element elementor-element-856df2c elementor-widget elementor-widget-image\" data-id=\"856df2c\" data-element_type=\"widget\" data-e-type=\"widget\" data-widget_type=\"image.default\">\n\t\t\t\t<div class=\"elementor-widget-container\">\n\t\t\t\t\t\t\t\t\t\t\t\t\t\t\t<img loading=\"lazy\" decoding=\"async\" width=\"60\" height=\"40\" src=\"https:\/\/www.ctgce.com\/wp-content\/uploads\/2025\/03\/norway_flag-1.png\" class=\"attachment-large size-large wp-image-334\" alt=\"\" \/>\t\t\t\t\t\t\t\t\t\t\t\t\t\t\t<\/div>\n\t\t\t\t<\/div>\n\t\t\t\t<div class=\"elementor-element elementor-element-1770743 elementor-widget elementor-widget-text-editor\" data-id=\"1770743\" data-element_type=\"widget\" data-e-type=\"widget\" data-widget_type=\"text-editor.default\">\n\t\t\t\t<div class=\"elementor-widget-container\">\n\t\t\t\t\t\t\t\t\t<p><strong>Repr\u00e4sentanten Norwegen<br \/><\/strong><a href=\"mailto:maria.fall@gartnerforbundet.no\" target=\"_blank\" rel=\"noopener\">FALL Maria<\/a><br \/><a href=\"mailto:knutolav@skrindo.com\" target=\"_blank\" rel=\"noopener\">SKRINDO Knut Olav<\/a><\/p><p><strong>Adresses<\/strong><br \/>Norsk Gartnerforbund<br \/>Schweigaards gate 34 f <br \/>0191 Oslo<br \/>Norway<\/p><p><strong>Tel, internet:<\/strong><br \/>Tel. +47 922 25 645<br \/><a href=\"https:\/\/gartnerforbundet.no\/norsk-juletre\/\">www.norskjuletre.no<\/a><\/p>\t\t\t\t\t\t\t\t<\/div>\n\t\t\t\t<\/div>\n\t\t\t\t<\/div>\n\t\t<div class=\"elementor-element elementor-element-1766146 e-con-full e-flex e-con e-child\" data-id=\"1766146\" data-element_type=\"container\" data-e-type=\"container\">\n\t\t\t\t<div class=\"elementor-element elementor-element-c0ea06b elementor-widget elementor-widget-image\" data-id=\"c0ea06b\" data-element_type=\"widget\" data-e-type=\"widget\" data-widget_type=\"image.default\">\n\t\t\t\t<div class=\"elementor-widget-container\">\n\t\t\t\t\t\t\t\t\t\t\t\t\t\t\t<img loading=\"lazy\" decoding=\"async\" width=\"60\" height=\"40\" src=\"https:\/\/www.ctgce.com\/wp-content\/uploads\/2025\/03\/austria_flag.png\" class=\"attachment-large size-large wp-image-325\" alt=\"\" \/>\t\t\t\t\t\t\t\t\t\t\t\t\t\t\t<\/div>\n\t\t\t\t<\/div>\n\t\t\t\t<div class=\"elementor-element elementor-element-b54852c elementor-widget elementor-widget-text-editor\" data-id=\"b54852c\" data-element_type=\"widget\" data-e-type=\"widget\" data-widget_type=\"text-editor.default\">\n\t\t\t\t<div class=\"elementor-widget-container\">\n\t\t\t\t\t\t\t\t\t<p><strong>Repr\u00e4sentanten\u00a0\u00d6sterreich<br \/><\/strong><a href=\"mailto:josef.reithner@gmx.at\" target=\"_blank\" rel=\"noopener\">REITHNER Josef<\/a><br \/><a href=\"mailto:weihnachtsbaum@lk-noe.at\" target=\"_blank\" rel=\"noopener\">JUNGBAUER Sebastian<\/a><\/p><p><strong>Adresses<\/strong><br \/>ARGE N\u00d6 Christbaumproduzenten<br \/>Wiener Str. 64, A \u2013 3100 St.<br \/>P\u00f6lten<br \/>\u00d6sterreich<\/p><p><strong>Tel, fax, internet:<\/strong><br \/>Tel. +43 (0) 50 259 24000<br \/>Fax +43 (0) 50 259 2954000<br \/><span id=\"cloak8311793a5b78a80a7807dc607c34cad0\"><\/span><a href=\"http:\/\/www.weihnachtsbaum.at\/\" target=\"_blank\" rel=\"noopener noreferrer\">www.weihnachtsbaum.at<\/a><\/p>\t\t\t\t\t\t\t\t<\/div>\n\t\t\t\t<\/div>\n\t\t\t\t<\/div>\n\t\t<div class=\"elementor-element elementor-element-a6b42cb e-con-full e-flex e-con e-child\" data-id=\"a6b42cb\" data-element_type=\"container\" data-e-type=\"container\">\n\t\t\t\t<div class=\"elementor-element elementor-element-859261c elementor-widget elementor-widget-image\" data-id=\"859261c\" data-element_type=\"widget\" data-e-type=\"widget\" data-widget_type=\"image.default\">\n\t\t\t\t<div class=\"elementor-widget-container\">\n\t\t\t\t\t\t\t\t\t\t\t\t\t\t\t<img loading=\"lazy\" decoding=\"async\" width=\"60\" height=\"40\" src=\"https:\/\/www.ctgce.com\/wp-content\/uploads\/2025\/09\/Flag-HR.jpg\" class=\"attachment-large size-large wp-image-1848\" alt=\"\" \/>\t\t\t\t\t\t\t\t\t\t\t\t\t\t\t<\/div>\n\t\t\t\t<\/div>\n\t\t\t\t<div class=\"elementor-element elementor-element-7f85466 elementor-widget elementor-widget-text-editor\" data-id=\"7f85466\" data-element_type=\"widget\" data-e-type=\"widget\" data-widget_type=\"text-editor.default\">\n\t\t\t\t<div class=\"elementor-widget-container\">\n\t\t\t\t\t\t\t\t\t<p><strong>Repr\u00e4sentanten Ungarn<br \/><\/strong><a href=\"mailto:info@fenyoerdo.hu\">WOHLGENANNT Martin<\/a><\/p><p><strong>Adresses<\/strong><br \/>Feny\u0151erd\u0151 Kft.<br \/>Pet\u0151fi utca 22.<br \/>H-8981 Lick\u00f3vadamos<br \/>Ungarn<\/p><p><strong>Tel, fax, internet:<\/strong><br \/>Tel. +36 30 245 0966\u00a0<br \/><span id=\"cloak8311793a5b78a80a7807dc607c34cad0\"><\/span><a href=\"http:\/\/www.fenyoerdo.hu\" target=\"_blank\" rel=\"noopener\">www.fenyoerdo.hu<\/a><\/p>\t\t\t\t\t\t\t\t<\/div>\n\t\t\t\t<\/div>\n\t\t\t\t<\/div>\n\t\t\t\t\t<\/div>\n\t\t\t\t<\/div>\n\t\t\t\t<\/div>\n\t\t","protected":false},"excerpt":{"rendered":"<p>Mitglieder Mitglieder des Verbandes sind die jeweiligen Repr\u00e4sentanten der einzelnen EU-L\u00e4nder (gew\u00e4hlte Vertreter der Nationalen oder Regionalen Verb\u00e4nde). Pr\u00e4sident: Lars Zimmermann D; Vizepr\u00e4sidentschaft: \u00d6sterreichNationale Verb\u00e4nde oder Nationale Repr\u00e4sentanten: Repr\u00e4sentanten DeutschlandHENNECKE EberhardZIMMERMANN LarsMartin Gutzweiler AdresseStockumer Str. 6659846 Sundern-D\u00f6rnholthausenDeutschland Tel, internet:Tel. +49 0170 4736150Tel. +49 71 20 20 30www.bvwe.de Repr\u00e4sentanten D\u00e4nemarkPETERSEN MartinCHRISTENSEN Claus AdressesDanske Juletr\u00e6erBlokken 153460 Birker\u00f8dD\u00e4nemark [&hellip;]<\/p>\n","protected":false},"author":2,"featured_media":0,"parent":0,"menu_order":0,"comment_status":"closed","ping_status":"closed","template":"","meta":{"footnotes":""},"class_list":["post-366","page","type-page","status-publish","hentry"],"_links":{"self":[{"href":"https:\/\/www.ctgce.com\/de\/wp-json\/wp\/v2\/pages\/366","targetHints":{"allow":["GET"]}}],"collection":[{"href":"https:\/\/www.ctgce.com\/de\/wp-json\/wp\/v2\/pages"}],"about":[{"href":"https:\/\/www.ctgce.com\/de\/wp-json\/wp\/v2\/types\/page"}],"author":[{"embeddable":true,"href":"https:\/\/www.ctgce.com\/de\/wp-json\/wp\/v2\/users\/2"}],"replies":[{"embeddable":true,"href":"https:\/\/www.ctgce.com\/de\/wp-json\/wp\/v2\/comments?post=366"}],"version-history":[{"count":139,"href":"https:\/\/www.ctgce.com\/de\/wp-json\/wp\/v2\/pages\/366\/revisions"}],"predecessor-version":[{"id":1939,"href":"https:\/\/www.ctgce.com\/de\/wp-json\/wp\/v2\/pages\/366\/revisions\/1939"}],"wp:attachment":[{"href":"https:\/\/www.ctgce.com\/de\/wp-json\/wp\/v2\/media?parent=366"}],"curies":[{"name":"wp","href":"https:\/\/api.w.org\/{rel}","templated":true}]}}