{"id":364,"date":"2025-03-05T17:42:11","date_gmt":"2025-03-05T16:42:11","guid":{"rendered":"http:\/\/wordpress.p687827.webspaceconfig.de\/journals\/"},"modified":"2025-03-28T15:22:48","modified_gmt":"2025-03-28T14:22:48","slug":"journale","status":"publish","type":"page","link":"https:\/\/www.ctgce.com\/de\/journale\/","title":{"rendered":"Journale"},"content":{"rendered":"\t\t<div data-elementor-type=\"wp-page\" data-elementor-id=\"364\" class=\"elementor elementor-364 elementor-48\">\n\t\t\t\t<div class=\"elementor-element elementor-element-4d762a0 e-flex e-con-boxed e-con e-parent\" data-id=\"4d762a0\" data-element_type=\"container\" data-e-type=\"container\">\n\t\t\t\t\t<div class=\"e-con-inner\">\n\t\t\t\t<div class=\"elementor-element elementor-element-b2113b2 elementor-widget elementor-widget-image\" data-id=\"b2113b2\" data-element_type=\"widget\" data-e-type=\"widget\" data-widget_type=\"image.default\">\n\t\t\t\t<div class=\"elementor-widget-container\">\n\t\t\t\t\t\t\t\t\t\t\t\t\t\t\t<img fetchpriority=\"high\" decoding=\"async\" width=\"700\" height=\"180\" src=\"https:\/\/www.ctgce.com\/wp-content\/uploads\/2025\/03\/ctgcebild1-1.jpg\" class=\"attachment-large size-large wp-image-674\" alt=\"\" srcset=\"https:\/\/www.ctgce.com\/wp-content\/uploads\/2025\/03\/ctgcebild1-1.jpg 700w, https:\/\/www.ctgce.com\/wp-content\/uploads\/2025\/03\/ctgcebild1-1-300x77.jpg 300w\" sizes=\"(max-width: 700px) 100vw, 700px\" \/>\t\t\t\t\t\t\t\t\t\t\t\t\t\t\t<\/div>\n\t\t\t\t<\/div>\n\t\t\t\t\t<\/div>\n\t\t\t\t<\/div>\n\t\t<div class=\"elementor-element elementor-element-d9a39a2 e-flex e-con-boxed e-con e-parent\" data-id=\"d9a39a2\" data-element_type=\"container\" data-e-type=\"container\">\n\t\t\t\t\t<div class=\"e-con-inner\">\n\t\t\t\t<div class=\"elementor-element elementor-element-5ad4601 elementor-widget elementor-widget-heading\" data-id=\"5ad4601\" data-element_type=\"widget\" data-e-type=\"widget\" data-widget_type=\"heading.default\">\n\t\t\t\t<div class=\"elementor-widget-container\">\n\t\t\t\t\t<h1 class=\"elementor-heading-title elementor-size-default\">Journale<\/h1>\t\t\t\t<\/div>\n\t\t\t\t<\/div>\n\t\t\t\t<div class=\"elementor-element elementor-element-8432280 elementor-widget elementor-widget-text-editor\" data-id=\"8432280\" data-element_type=\"widget\" data-e-type=\"widget\" data-widget_type=\"text-editor.default\">\n\t\t\t\t<div class=\"elementor-widget-container\">\n\t\t\t\t\t\t\t\t\t<p>Der CTGCE ver\u00f6ffentlicht nicht selber Zeitschriften, aber es gibt eine lange Reihe von Zeitschriften, die sich mit Weihnachtsb\u00e4umen und Schnittgr\u00fcn besch\u00e4ftigen. Einige Zeitschriften gibt es im Abonnement, andere Zeitschriften gibt es nur im Kiosk zu kaufen, w\u00e4hrend viele Zeitschriften Mitgliedschaft eines nationalen oder regionalen Verbandes voraussetzen.<\/p><p>In der untenstehenden Tabelle ist eine Reihe von Zeitschriften angegeben. Man sieht die Sprache der Publikation und ob sie gekauft werden k\u00f6nnen, im Abonnement erh\u00e4ltlich sind, oder ob eine Mitgliedschaft erforderlich ist. Wenn der Name der Zeitschrift angeklickt wird, kommen weitere Informationen \u00fcber die Zeitschrift hervor (oft in der Muttersprache des Herausgebers).<\/p><table border=\"1\" cellspacing=\"0\" cellpadding=\"0\"><tbody><tr><td valign=\"top\" width=\"215\"><p><strong>Zeitschrift<\/strong><\/p><\/td><td valign=\"top\" width=\"283\"><p><strong>Herausgeber<\/strong><\/p><\/td><td valign=\"top\" width=\"76\"><p align=\"center\"><strong>Sprache<\/strong><\/p><\/td><td valign=\"top\" width=\"47\"><p align=\"center\"><strong>V\/M*<\/strong><\/p><\/td><\/tr><tr><td valign=\"top\" width=\"215\"><p><a href=\"https:\/\/realchristmastrees.org\/member-center\/publications\/\" target=\"_blank\" rel=\"noopener noreferrer\">American Christmas tree Journal<\/a><\/p><\/td><td valign=\"top\" width=\"283\"><p>National Christmas Tree Association<\/p><\/td><td valign=\"top\" width=\"76\"><p align=\"center\">Englisch<\/p><\/td><td valign=\"top\" width=\"47\"><p align=\"center\">M\/S<\/p><\/td><\/tr><tr><td valign=\"top\" width=\"215\"><p><a href=\"http:\/\/www.christmastreesmagazine.com\/\" target=\"_blank\" rel=\"noopener noreferrer\">Christmas Trees<\/a><\/p><\/td><td valign=\"top\" width=\"283\"><p>Cathrine Wright Howard<\/p><\/td><td valign=\"top\" width=\"76\"><p align=\"center\">Englisch<\/p><\/td><td valign=\"top\" width=\"47\"><p align=\"center\">S<\/p><\/td><\/tr><tr><td valign=\"top\" width=\"215\"><p><a href=\"https:\/\/mcta.org\/great-lakes-christmas-tree-journal\/\" target=\"_blank\" rel=\"noopener noreferrer\">Great Lakes<\/a><\/p><\/td><td valign=\"top\" width=\"283\"><p>Michigan Christmas Tree Association<\/p><\/td><td valign=\"top\" width=\"76\"><p align=\"center\">Englisch<\/p><\/td><td valign=\"top\" width=\"47\"><p align=\"center\">M\/S<\/p><\/td><\/tr><tr><td valign=\"top\" width=\"215\"><p><a href=\"https:\/\/www.pnwcta.org\/publication\" target=\"_blank\" rel=\"noopener noreferrer\">Lookout<\/a><\/p><\/td><td valign=\"top\" width=\"283\"><p>Pacific Nordwest Christmas Tree Association<\/p><\/td><td valign=\"top\" width=\"76\">\u00a0 Englisch<\/td><td valign=\"top\" width=\"47\"><p align=\"center\">M\/S<\/p><\/td><\/tr><tr><td valign=\"top\" width=\"215\"><p><a href=\"http:\/\/www.nadel-journal.com\/\" target=\"_blank\" rel=\"noopener noreferrer\">Nadel Journal<\/a><\/p><\/td><td valign=\"top\" width=\"283\"><p>Nadel Journal<\/p><\/td><td valign=\"top\" width=\"76\"><p align=\"center\">Deutsch<\/p><\/td><td valign=\"top\" width=\"47\"><p align=\"center\">S<\/p><\/td><\/tr><tr><td valign=\"top\" width=\"215\"><p><a href=\"https:\/\/www.christmastree.dk\/formidling\/naaledrys\" target=\"_blank\" rel=\"noopener noreferrer\">N\u00e5ledrys<\/a><\/p><\/td><td valign=\"top\" width=\"283\"><p>Danske Juletr\u00e6er<\/p><\/td><td valign=\"top\" width=\"76\"><p align=\"center\">D\u00e4nisch<\/p><\/td><td valign=\"top\" width=\"47\"><p align=\"center\">M\/S<\/p><\/td><\/tr><tr><td valign=\"top\" width=\"215\"><p><a href=\"http:\/\/taspo.de\/\" target=\"_blank\" rel=\"noopener noreferrer\">TASPO<\/a><\/p><\/td><td valign=\"top\" width=\"283\"><p>TASPO<\/p><\/td><td valign=\"top\" width=\"76\"><p align=\"center\">Deutsch<\/p><\/td><td valign=\"top\" width=\"47\"><p align=\"center\">S<\/p><\/td><\/tr><\/tbody><\/table><p>* V = Verkauf\/Abonnement<\/p><p>\u00a0 M = Mitgliedszeitschrift (oft ist Mitgliedschaft eine Voraussetzung)<\/p>\t\t\t\t\t\t\t\t<\/div>\n\t\t\t\t<\/div>\n\t\t\t\t\t<\/div>\n\t\t\t\t<\/div>\n\t\t\t\t<\/div>\n\t\t","protected":false},"excerpt":{"rendered":"<p>Journale Der CTGCE ver\u00f6ffentlicht nicht selber Zeitschriften, aber es gibt eine lange Reihe von Zeitschriften, die sich mit Weihnachtsb\u00e4umen und Schnittgr\u00fcn besch\u00e4ftigen. Einige Zeitschriften gibt es im Abonnement, andere Zeitschriften gibt es nur im Kiosk zu kaufen, w\u00e4hrend viele Zeitschriften Mitgliedschaft eines nationalen oder regionalen Verbandes voraussetzen. In der untenstehenden Tabelle ist eine Reihe von [&hellip;]<\/p>\n","protected":false},"author":2,"featured_media":0,"parent":0,"menu_order":0,"comment_status":"closed","ping_status":"closed","template":"elementor_header_footer","meta":{"footnotes":""},"class_list":["post-364","page","type-page","status-publish","hentry"],"_links":{"self":[{"href":"https:\/\/www.ctgce.com\/de\/wp-json\/wp\/v2\/pages\/364","targetHints":{"allow":["GET"]}}],"collection":[{"href":"https:\/\/www.ctgce.com\/de\/wp-json\/wp\/v2\/pages"}],"about":[{"href":"https:\/\/www.ctgce.com\/de\/wp-json\/wp\/v2\/types\/page"}],"author":[{"embeddable":true,"href":"https:\/\/www.ctgce.com\/de\/wp-json\/wp\/v2\/users\/2"}],"replies":[{"embeddable":true,"href":"https:\/\/www.ctgce.com\/de\/wp-json\/wp\/v2\/comments?post=364"}],"version-history":[{"count":29,"href":"https:\/\/www.ctgce.com\/de\/wp-json\/wp\/v2\/pages\/364\/revisions"}],"predecessor-version":[{"id":1711,"href":"https:\/\/www.ctgce.com\/de\/wp-json\/wp\/v2\/pages\/364\/revisions\/1711"}],"wp:attachment":[{"href":"https:\/\/www.ctgce.com\/de\/wp-json\/wp\/v2\/media?parent=364"}],"curies":[{"name":"wp","href":"https:\/\/api.w.org\/{rel}","templated":true}]}}