{"id":363,"date":"2025-03-05T17:39:54","date_gmt":"2025-03-05T16:39:54","guid":{"rendered":"http:\/\/wordpress.p687827.webspaceconfig.de\/history\/"},"modified":"2025-03-28T15:35:05","modified_gmt":"2025-03-28T14:35:05","slug":"geschichte","status":"publish","type":"page","link":"https:\/\/www.ctgce.com\/de\/geschichte\/","title":{"rendered":"Geschichte"},"content":{"rendered":"\t\t<div data-elementor-type=\"wp-page\" data-elementor-id=\"363\" class=\"elementor elementor-363 elementor-34\">\n\t\t\t\t<div class=\"elementor-element elementor-element-70823dd e-flex e-con-boxed e-con e-parent\" data-id=\"70823dd\" data-element_type=\"container\" data-e-type=\"container\">\n\t\t\t\t\t<div class=\"e-con-inner\">\n\t\t\t\t<div class=\"elementor-element elementor-element-3397b5e elementor-widget elementor-widget-heading\" data-id=\"3397b5e\" data-element_type=\"widget\" data-e-type=\"widget\" data-widget_type=\"heading.default\">\n\t\t\t\t<div class=\"elementor-widget-container\">\n\t\t\t\t\t<h1 class=\"elementor-heading-title elementor-size-default\">Geschichte<\/h1>\t\t\t\t<\/div>\n\t\t\t\t<\/div>\n\t\t<div class=\"elementor-element elementor-element-38f7fe3 e-con-full e-grid e-con e-child\" data-id=\"38f7fe3\" data-element_type=\"container\" data-e-type=\"container\">\n\t\t<div class=\"elementor-element elementor-element-1674bb4 e-con-full e-flex e-con e-child\" data-id=\"1674bb4\" data-element_type=\"container\" data-e-type=\"container\">\n\t\t\t\t<div class=\"elementor-element elementor-element-d9c1eea elementor-widget__width-initial elementor-widget elementor-widget-image\" data-id=\"d9c1eea\" data-element_type=\"widget\" data-e-type=\"widget\" data-widget_type=\"image.default\">\n\t\t\t\t<div class=\"elementor-widget-container\">\n\t\t\t\t\t\t\t\t\t\t\t\t\t\t\t<img fetchpriority=\"high\" decoding=\"async\" width=\"498\" height=\"400\" src=\"https:\/\/www.ctgce.com\/wp-content\/uploads\/2025\/03\/strahlendblau_spitze_MG_9255.jpg\" class=\"attachment-large size-large wp-image-734\" alt=\"\" srcset=\"https:\/\/www.ctgce.com\/wp-content\/uploads\/2025\/03\/strahlendblau_spitze_MG_9255.jpg 498w, https:\/\/www.ctgce.com\/wp-content\/uploads\/2025\/03\/strahlendblau_spitze_MG_9255-300x241.jpg 300w\" sizes=\"(max-width: 498px) 100vw, 498px\" \/>\t\t\t\t\t\t\t\t\t\t\t\t\t\t\t<\/div>\n\t\t\t\t<\/div>\n\t\t\t\t<\/div>\n\t\t<div class=\"elementor-element elementor-element-a66c074 e-con-full e-flex e-con e-child\" data-id=\"a66c074\" data-element_type=\"container\" data-e-type=\"container\">\n\t\t\t\t<div class=\"elementor-element elementor-element-b6836e3 elementor-widget elementor-widget-text-editor\" data-id=\"b6836e3\" data-element_type=\"widget\" data-e-type=\"widget\" data-widget_type=\"text-editor.default\">\n\t\t\t\t<div class=\"elementor-widget-container\">\n\t\t\t\t\t\t\t\t\t<p>Ende der achtziger Jahre gab es nur Verb\u00e4nde der Weihnachtsbaumanbauer in England, D\u00e4nemark und Belgien. Vertreter dieser Verb\u00e4nde bildeten gemeinsam den europ\u00e4ischen Verband und zwar nach dem gleichen Modell, wie man es in den Vereinigten Staaten gemacht hatte. Der Verband wurde 1990 gegr\u00fcndet, und in den ersten etwa 10 Jahren gab es begeisterte Treffen zwischen den einzelnen<br \/>Mitgliedern, die ihre Erfahrungen und Ideen bei den Jahresveranstaltungen und auch zwischen den Jahresveranstaltungen miteinander teilen konnten. Es wurden einige gemeinsame Projekte erarbeitet, wie z.B. Unternehmenspolitik, allgemeine Vermarktung, Verbraucherinformationen und Sortierungsregeln. Eine gute Gemeinschaft und Zusammenarbeit wurde somit aufgebaut, aber es waren dieselben etwa 60 Anbauer, die jedes Mal anwesend waren.<\/p>\t\t\t\t\t\t\t\t<\/div>\n\t\t\t\t<\/div>\n\t\t\t\t<\/div>\n\t\t\t\t<\/div>\n\t\t<div class=\"elementor-element elementor-element-3f21811 e-con-full e-grid e-con e-child\" data-id=\"3f21811\" data-element_type=\"container\" data-e-type=\"container\">\n\t\t<div class=\"elementor-element elementor-element-09e1866 e-con-full e-flex e-con e-child\" data-id=\"09e1866\" data-element_type=\"container\" data-e-type=\"container\">\n\t\t\t\t<div class=\"elementor-element elementor-element-8dce477 elementor-widget__width-initial elementor-widget elementor-widget-image\" data-id=\"8dce477\" data-element_type=\"widget\" data-e-type=\"widget\" data-widget_type=\"image.default\">\n\t\t\t\t<div class=\"elementor-widget-container\">\n\t\t\t\t\t\t\t\t\t\t\t\t\t\t\t<img decoding=\"async\" width=\"498\" height=\"400\" src=\"https:\/\/www.ctgce.com\/wp-content\/uploads\/2025\/03\/MG_8982kontrolle.jpg\" class=\"attachment-large size-large wp-image-732\" alt=\"\" srcset=\"https:\/\/www.ctgce.com\/wp-content\/uploads\/2025\/03\/MG_8982kontrolle.jpg 498w, https:\/\/www.ctgce.com\/wp-content\/uploads\/2025\/03\/MG_8982kontrolle-300x241.jpg 300w\" sizes=\"(max-width: 498px) 100vw, 498px\" \/>\t\t\t\t\t\t\t\t\t\t\t\t\t\t\t<\/div>\n\t\t\t\t<\/div>\n\t\t\t\t<\/div>\n\t\t<div class=\"elementor-element elementor-element-3f6d6b7 e-con-full e-flex e-con e-child\" data-id=\"3f6d6b7\" data-element_type=\"container\" data-e-type=\"container\">\n\t\t\t\t<div class=\"elementor-element elementor-element-ee9c3cb elementor-widget elementor-widget-text-editor\" data-id=\"ee9c3cb\" data-element_type=\"widget\" data-e-type=\"widget\" data-widget_type=\"text-editor.default\">\n\t\t\t\t<div class=\"elementor-widget-container\">\n\t\t\t\t\t\t\t\t\t<p>Die Aktivit\u00e4ten kamen jedoch etwa am Ende des 20. Jahrhunderts in eine stille Phase, und es war schwierig den gemeinsamen Einsatz der einzelnen Mitglieder festzuhalten. Deshalb beschloss man im Jahre 2002 den europ\u00e4ischen Verband in einen Dachverband f\u00fcr regionale und\/oder nationale Verb\u00e4nde umzugestalten. Der Vorsitz des europ\u00e4ischen Verbandes wechselt zwischen den Mitgliedsl\u00e4ndern, und jedes Land hat den Vorsitz f\u00fcr einen Zeitraum von drei Jahren. Gro\u00dfbritannien hat den Vorsitz bis 2021.<\/p>\t\t\t\t\t\t\t\t<\/div>\n\t\t\t\t<\/div>\n\t\t\t\t<\/div>\n\t\t\t\t<\/div>\n\t\t<div class=\"elementor-element elementor-element-bbb1497 e-con-full e-grid e-con e-child\" data-id=\"bbb1497\" data-element_type=\"container\" data-e-type=\"container\">\n\t\t<div class=\"elementor-element elementor-element-35ff375 e-con-full e-flex e-con e-child\" data-id=\"35ff375\" data-element_type=\"container\" data-e-type=\"container\">\n\t\t\t\t<div class=\"elementor-element elementor-element-41ec119 elementor-widget__width-initial elementor-widget elementor-widget-image\" data-id=\"41ec119\" data-element_type=\"widget\" data-e-type=\"widget\" data-widget_type=\"image.default\">\n\t\t\t\t<div class=\"elementor-widget-container\">\n\t\t\t\t\t\t\t\t\t\t\t\t\t\t\t<img decoding=\"async\" width=\"498\" height=\"400\" src=\"https:\/\/www.ctgce.com\/wp-content\/uploads\/2025\/03\/spitzeabbrechen_MG_9039.jpg\" class=\"attachment-large size-large wp-image-736\" alt=\"\" srcset=\"https:\/\/www.ctgce.com\/wp-content\/uploads\/2025\/03\/spitzeabbrechen_MG_9039.jpg 498w, https:\/\/www.ctgce.com\/wp-content\/uploads\/2025\/03\/spitzeabbrechen_MG_9039-300x241.jpg 300w\" sizes=\"(max-width: 498px) 100vw, 498px\" \/>\t\t\t\t\t\t\t\t\t\t\t\t\t\t\t<\/div>\n\t\t\t\t<\/div>\n\t\t\t\t<\/div>\n\t\t<div class=\"elementor-element elementor-element-0971f0f e-con-full e-flex e-con e-child\" data-id=\"0971f0f\" data-element_type=\"container\" data-e-type=\"container\">\n\t\t\t\t<div class=\"elementor-element elementor-element-af0f35c elementor-widget elementor-widget-text-editor\" data-id=\"af0f35c\" data-element_type=\"widget\" data-e-type=\"widget\" data-widget_type=\"text-editor.default\">\n\t\t\t\t<div class=\"elementor-widget-container\">\n\t\t\t\t\t\t\t\t\t<p>Trotz gro\u00dfer Unterschiede zwischen den Mitteln und der Bemannung in den verschiedenen nationalen\/regionalen Verb\u00e4nden hat sich der europ\u00e4ische Verband in ein gutes und erfolgreiches Forum entwickelt, wo mehr und mehr Informationsaustausch in ganz Europa stattfindet. Heute hat der Verband 12 Mitgliedsl\u00e4nder.<\/p><p>Deshalb ist der europ\u00e4ische Verband ist ein erfolgreiches Forum, wenn man daran denkt, das die ganze Weihnachtsbaumbranche mehr und mehr internationalisiert wird.<\/p>\t\t\t\t\t\t\t\t<\/div>\n\t\t\t\t<\/div>\n\t\t\t\t<\/div>\n\t\t\t\t<\/div>\n\t\t\t\t\t<\/div>\n\t\t\t\t<\/div>\n\t\t<div class=\"elementor-element elementor-element-a81ff4d e-flex e-con-boxed e-con e-parent\" data-id=\"a81ff4d\" data-element_type=\"container\" data-e-type=\"container\">\n\t\t\t\t\t<div class=\"e-con-inner\">\n\t\t\t\t\t<\/div>\n\t\t\t\t<\/div>\n\t\t<div class=\"elementor-element elementor-element-f44d85f e-flex e-con-boxed e-con e-parent\" data-id=\"f44d85f\" data-element_type=\"container\" data-e-type=\"container\">\n\t\t\t\t\t<div class=\"e-con-inner\">\n\t\t\t\t<div class=\"elementor-element elementor-element-6994947 elementor-widget elementor-widget-text-editor\" data-id=\"6994947\" data-element_type=\"widget\" data-e-type=\"widget\" data-widget_type=\"text-editor.default\">\n\t\t\t\t<div class=\"elementor-widget-container\">\n\t\t\t\t\t\t\t\t\t<p><strong>Vorsitzende des europ\u00e4ischen Verbandes seit dem Anfang<\/strong><\/p><p>Claude Guiot, Belgien (1990 \u2013 1993)<br \/>Poul Rasmussen, D\u00e4nemark (1993 \u2013 1996)<br \/>John Godwin, Gro\u00dfbritannien (1997 \u2013 1999)<br \/>Fr\u00e9d\u00e9ric Naudet, Frankreich (2000 \u2013 2002)<br \/>David Hasslacher, Irland (2003 \u2013 2005)<br \/>Axel von B\u00fclow, Deutschland (2006 \u2013 2008)<br \/>Franz Raith, \u00d6sterreich (2009 \u2013 2012)<br \/>Martin Petersen, D\u00e4nemark (2012 \u2013 2016)<br \/>Bernd Oelkers, Deutschland (2016 \u2013 2019)<br \/>Hans Alexandersen, Gro\u00dfbritannien (2019 &#8211; 2022)<br \/>Martin Petersen, D\u00e4nemark (2022 &#8211; 2025)<br \/>Lars Zimmermann, Deutschland (2025 &#8211;&gt;)<\/p>\t\t\t\t\t\t\t\t<\/div>\n\t\t\t\t<\/div>\n\t\t\t\t\t<\/div>\n\t\t\t\t<\/div>\n\t\t\t\t<\/div>\n\t\t","protected":false},"excerpt":{"rendered":"<p>Geschichte Ende der achtziger Jahre gab es nur Verb\u00e4nde der Weihnachtsbaumanbauer in England, D\u00e4nemark und Belgien. Vertreter dieser Verb\u00e4nde bildeten gemeinsam den europ\u00e4ischen Verband und zwar nach dem gleichen Modell, wie man es in den Vereinigten Staaten gemacht hatte. Der Verband wurde 1990 gegr\u00fcndet, und in den ersten etwa 10 Jahren gab es begeisterte Treffen [&hellip;]<\/p>\n","protected":false},"author":2,"featured_media":0,"parent":0,"menu_order":0,"comment_status":"closed","ping_status":"closed","template":"elementor_header_footer","meta":{"footnotes":""},"class_list":["post-363","page","type-page","status-publish","hentry"],"_links":{"self":[{"href":"https:\/\/www.ctgce.com\/de\/wp-json\/wp\/v2\/pages\/363","targetHints":{"allow":["GET"]}}],"collection":[{"href":"https:\/\/www.ctgce.com\/de\/wp-json\/wp\/v2\/pages"}],"about":[{"href":"https:\/\/www.ctgce.com\/de\/wp-json\/wp\/v2\/types\/page"}],"author":[{"embeddable":true,"href":"https:\/\/www.ctgce.com\/de\/wp-json\/wp\/v2\/users\/2"}],"replies":[{"embeddable":true,"href":"https:\/\/www.ctgce.com\/de\/wp-json\/wp\/v2\/comments?post=363"}],"version-history":[{"count":16,"href":"https:\/\/www.ctgce.com\/de\/wp-json\/wp\/v2\/pages\/363\/revisions"}],"predecessor-version":[{"id":1723,"href":"https:\/\/www.ctgce.com\/de\/wp-json\/wp\/v2\/pages\/363\/revisions\/1723"}],"wp:attachment":[{"href":"https:\/\/www.ctgce.com\/de\/wp-json\/wp\/v2\/media?parent=363"}],"curies":[{"name":"wp","href":"https:\/\/api.w.org\/{rel}","templated":true}]}}