{"id":359,"date":"2025-03-05T17:41:39","date_gmt":"2025-03-05T16:41:39","guid":{"rendered":"http:\/\/wordpress.p687827.webspaceconfig.de\/declaration-seed\/"},"modified":"2025-03-27T17:19:49","modified_gmt":"2025-03-27T16:19:49","slug":"deklaration-samen","status":"publish","type":"page","link":"https:\/\/www.ctgce.com\/de\/deklaration-samen\/","title":{"rendered":"Deklaration Samen"},"content":{"rendered":"\t\t<div data-elementor-type=\"wp-page\" data-elementor-id=\"359\" class=\"elementor elementor-359 elementor-44\">\n\t\t\t\t<div class=\"elementor-element elementor-element-f49e3c0 e-flex e-con-boxed e-con e-parent\" data-id=\"f49e3c0\" data-element_type=\"container\" data-e-type=\"container\">\n\t\t\t\t\t<div class=\"e-con-inner\">\n\t\t\t\t<div class=\"elementor-element elementor-element-d1b7c05 elementor-widget elementor-widget-image\" data-id=\"d1b7c05\" data-element_type=\"widget\" data-e-type=\"widget\" data-widget_type=\"image.default\">\n\t\t\t\t<div class=\"elementor-widget-container\">\n\t\t\t\t\t\t\t\t\t\t\t\t\t\t\t<img fetchpriority=\"high\" decoding=\"async\" width=\"700\" height=\"180\" src=\"https:\/\/www.ctgce.com\/wp-content\/uploads\/2025\/03\/seeds_2.jpg\" class=\"attachment-medium_large size-medium_large wp-image-652\" alt=\"\" srcset=\"https:\/\/www.ctgce.com\/wp-content\/uploads\/2025\/03\/seeds_2.jpg 700w, https:\/\/www.ctgce.com\/wp-content\/uploads\/2025\/03\/seeds_2-300x77.jpg 300w\" sizes=\"(max-width: 700px) 100vw, 700px\" \/>\t\t\t\t\t\t\t\t\t\t\t\t\t\t\t<\/div>\n\t\t\t\t<\/div>\n\t\t\t\t\t<\/div>\n\t\t\t\t<\/div>\n\t\t<div class=\"elementor-element elementor-element-1ce6663 e-flex e-con-boxed e-con e-parent\" data-id=\"1ce6663\" data-element_type=\"container\" data-e-type=\"container\">\n\t\t\t\t\t<div class=\"e-con-inner\">\n\t\t\t\t<div class=\"elementor-element elementor-element-9e77522 elementor-widget elementor-widget-heading\" data-id=\"9e77522\" data-element_type=\"widget\" data-e-type=\"widget\" data-widget_type=\"heading.default\">\n\t\t\t\t<div class=\"elementor-widget-container\">\n\t\t\t\t\t<h1 class=\"elementor-heading-title elementor-size-default\">Deklaration Samen<\/h1>\t\t\t\t<\/div>\n\t\t\t\t<\/div>\n\t\t\t\t<div class=\"elementor-element elementor-element-edd3a8d elementor-widget elementor-widget-text-editor\" data-id=\"edd3a8d\" data-element_type=\"widget\" data-e-type=\"widget\" data-widget_type=\"text-editor.default\">\n\t\t\t\t<div class=\"elementor-widget-container\">\n\t\t\t\t\t\t\t\t\t<p><strong>An alle Forstsaatguth\u00e4ndler<\/strong><\/p><p>Sehr geehrte Firmenleitung!<br \/>Die Umst\u00e4nde, wie ein Produkt zustande kommt, spielen f\u00fcr viele Konsumenten eine immer wichtigere Rolle f\u00fcr den Kauf. Hinter jedem Produkt stehen auch Menschen, die es produzieren und deren soziales Umfeld ist daher ebenfalls sehr wichtig. Das Produkt Nordmannstannensaatgut wird von Menschen \u201eproduziert\u201c, die sich in einem teils sehr schwierigen sozialen Umfeld befinden, die aber andererseits mit den Einnahmen aus dieser T\u00e4tigkeit ihre Situation wesentlich verbessern k\u00f6nnen.<\/p><p>Wir als Christbaumproduzenten oder als Vertreter von Christbaumproduzenten wollen nat\u00fcrlich, dass die Arbeitsbedingungen f\u00fcr diese Menschen den gesetzlichen Vorschriften des jeweiligen Landes entsprechen, hinsichtlich Bezahlung, Sicherheitsvorschriften oder anderen arbeitsrechtlichen Vorgaben. Damit wir auch sichergestellt haben, dass auch Sie diese Rahmenbedingungen in den L\u00e4ndern, wo Sie die Nordmannstannensamen beernten lassen, einhalten, ersuchen wir Sie, die beiliegende Erkl\u00e4rung unterschrieben an uns zur\u00fcck zu schicken.<\/p><p><a href=\"https:\/\/www.ctgce.com\/wp-content\/uploads\/images\/pdfs\/Deklaration.pdf\" target=\"_blank\" rel=\"noopener\">zur Deklaration pdf &gt;&gt;<\/a><\/p><p><strong>Folgende Firmen haben die Deklaration unterschrieben:<\/strong><br \/>HedeDamark a\/s aus D\u00e4nemark<br \/>Herzog.Baum GmbH aus \u00d6sterreich<br \/>Levinsen &amp; Abies A\/S aus D\u00e4nemark<br \/>PlusBaum Samen GmbH aus Deutschland<\/p>\t\t\t\t\t\t\t\t<\/div>\n\t\t\t\t<\/div>\n\t\t\t\t\t<\/div>\n\t\t\t\t<\/div>\n\t\t\t\t<\/div>\n\t\t","protected":false},"excerpt":{"rendered":"<p>Deklaration Samen An alle Forstsaatguth\u00e4ndler Sehr geehrte Firmenleitung!Die Umst\u00e4nde, wie ein Produkt zustande kommt, spielen f\u00fcr viele Konsumenten eine immer wichtigere Rolle f\u00fcr den Kauf. Hinter jedem Produkt stehen auch Menschen, die es produzieren und deren soziales Umfeld ist daher ebenfalls sehr wichtig. Das Produkt Nordmannstannensaatgut wird von Menschen \u201eproduziert\u201c, die sich in einem teils [&hellip;]<\/p>\n","protected":false},"author":2,"featured_media":0,"parent":0,"menu_order":0,"comment_status":"closed","ping_status":"closed","template":"elementor_header_footer","meta":{"footnotes":""},"class_list":["post-359","page","type-page","status-publish","hentry"],"_links":{"self":[{"href":"https:\/\/www.ctgce.com\/de\/wp-json\/wp\/v2\/pages\/359","targetHints":{"allow":["GET"]}}],"collection":[{"href":"https:\/\/www.ctgce.com\/de\/wp-json\/wp\/v2\/pages"}],"about":[{"href":"https:\/\/www.ctgce.com\/de\/wp-json\/wp\/v2\/types\/page"}],"author":[{"embeddable":true,"href":"https:\/\/www.ctgce.com\/de\/wp-json\/wp\/v2\/users\/2"}],"replies":[{"embeddable":true,"href":"https:\/\/www.ctgce.com\/de\/wp-json\/wp\/v2\/comments?post=359"}],"version-history":[{"count":14,"href":"https:\/\/www.ctgce.com\/de\/wp-json\/wp\/v2\/pages\/359\/revisions"}],"predecessor-version":[{"id":1566,"href":"https:\/\/www.ctgce.com\/de\/wp-json\/wp\/v2\/pages\/359\/revisions\/1566"}],"wp:attachment":[{"href":"https:\/\/www.ctgce.com\/de\/wp-json\/wp\/v2\/media?parent=359"}],"curies":[{"name":"wp","href":"https:\/\/api.w.org\/{rel}","templated":true}]}}