{"id":349,"date":"2025-03-05T17:41:21","date_gmt":"2025-03-05T16:41:21","guid":{"rendered":"http:\/\/wordpress.p687827.webspaceconfig.de\/classification\/"},"modified":"2025-03-28T15:36:23","modified_gmt":"2025-03-28T14:36:23","slug":"klassifizierung","status":"publish","type":"page","link":"https:\/\/www.ctgce.com\/de\/klassifizierung\/","title":{"rendered":"Klassifizierung"},"content":{"rendered":"\t\t<div data-elementor-type=\"wp-page\" data-elementor-id=\"349\" class=\"elementor elementor-349 elementor-42\">\n\t\t\t\t<div class=\"elementor-element elementor-element-9d384f6 e-flex e-con-boxed e-con e-parent\" data-id=\"9d384f6\" data-element_type=\"container\" data-e-type=\"container\">\n\t\t\t\t\t<div class=\"e-con-inner\">\n\t\t\t\t<div class=\"elementor-element elementor-element-806e2bf elementor-widget elementor-widget-image\" data-id=\"806e2bf\" data-element_type=\"widget\" data-e-type=\"widget\" data-widget_type=\"image.default\">\n\t\t\t\t<div class=\"elementor-widget-container\">\n\t\t\t\t\t\t\t\t\t\t\t\t\t\t\t<img fetchpriority=\"high\" decoding=\"async\" width=\"800\" height=\"242\" src=\"https:\/\/www.ctgce.com\/wp-content\/uploads\/2025\/03\/christmastree___-1024x310.png\" class=\"attachment-large size-large wp-image-875\" alt=\"\" srcset=\"https:\/\/www.ctgce.com\/wp-content\/uploads\/2025\/03\/christmastree___-1024x310.png 1024w, https:\/\/www.ctgce.com\/wp-content\/uploads\/2025\/03\/christmastree___-300x91.png 300w, https:\/\/www.ctgce.com\/wp-content\/uploads\/2025\/03\/christmastree___-768x233.png 768w, https:\/\/www.ctgce.com\/wp-content\/uploads\/2025\/03\/christmastree___.png 1486w\" sizes=\"(max-width: 800px) 100vw, 800px\" \/>\t\t\t\t\t\t\t\t\t\t\t\t\t\t\t<\/div>\n\t\t\t\t<\/div>\n\t\t\t\t\t<\/div>\n\t\t\t\t<\/div>\n\t\t<div class=\"elementor-element elementor-element-088b269 e-flex e-con-boxed e-con e-parent\" data-id=\"088b269\" data-element_type=\"container\" data-e-type=\"container\">\n\t\t\t\t\t<div class=\"e-con-inner\">\n\t\t\t\t<div class=\"elementor-element elementor-element-c43a7af elementor-widget elementor-widget-heading\" data-id=\"c43a7af\" data-element_type=\"widget\" data-e-type=\"widget\" data-widget_type=\"heading.default\">\n\t\t\t\t<div class=\"elementor-widget-container\">\n\t\t\t\t\t<h1 class=\"elementor-heading-title elementor-size-default\">Klassifizierung<\/h1>\t\t\t\t<\/div>\n\t\t\t\t<\/div>\n\t\t\t\t<div class=\"elementor-element elementor-element-fdcbb46 elementor-widget elementor-widget-text-editor\" data-id=\"fdcbb46\" data-element_type=\"widget\" data-e-type=\"widget\" data-widget_type=\"text-editor.default\">\n\t\t\t\t<div class=\"elementor-widget-container\">\n\t\t\t\t\t\t\t\t\t<p><strong>Sortierungsanleitungen<br \/><\/strong><br \/>Eine korrekte Sortierung Ihrer Weihnachtsb\u00e4ume sichert, dass die Ware in \u00dcbereinstimmung mit den W\u00fcnschen der Kunden ist, und Sie haben dadurch auch bessere M\u00f6glichkeiten, wenn Sie mit den Abnehmern Preise verhandeln wollen. Der CTGCE hat eine Sortierungsanleitung f\u00fcr Nordmanntannen (A\/B Sortierung) und f\u00fcr alle Sorten (Erste Wahl, Zweite Wahl und Nicht Klassifiziert) hergestellt.<\/p><p>Wenn mehrere Sortierungen vorgenommen werden, bekommt man zweifellos eine besser definierte Ware, aber es entstehen auch Mehrkosten f\u00fcr die Etikettierung und Ausformung.<\/p><p><strong><a href=\"https:\/\/www.ctgce.com\/wp-content\/uploads\/images\/pdfs\/Klassifizierung_1996_E_D_F.pdf\" target=\"_blank\" rel=\"noopener\">Qualit\u00e4tsmerkmale (1996) f\u00fcr alle Sorten in 3 Klassen (Erste Wahl, Zweite Wahl und Nicht Klassifiziert)<\/a> <\/strong><\/p><p><strong><a href=\"https:\/\/www.ctgce.com\/wp-content\/uploads\/images\/pdfs\/Daenemark_Qualitaetsmerkmale_AB_2011.pdf\">Qualit\u00e4tsmerkmale (2002) f\u00fcr Nordmann Tanne in 2 Klassen (A- und B-Qualit\u00e4t)<\/a> <\/strong><\/p><p>\u00a0<\/p>\t\t\t\t\t\t\t\t<\/div>\n\t\t\t\t<\/div>\n\t\t<div class=\"elementor-element elementor-element-b1aa5f5 e-con-full e-flex e-con e-child\" data-id=\"b1aa5f5\" data-element_type=\"container\" data-e-type=\"container\">\n\t\t\t\t<div class=\"elementor-element elementor-element-dcf542a elementor-widget elementor-widget-image\" data-id=\"dcf542a\" data-element_type=\"widget\" data-e-type=\"widget\" data-widget_type=\"image.default\">\n\t\t\t\t<div class=\"elementor-widget-container\">\n\t\t\t\t\t\t\t\t\t\t\t\t\t\t\t<img decoding=\"async\" width=\"220\" height=\"263\" src=\"https:\/\/www.ctgce.com\/wp-content\/uploads\/2025\/03\/Classification_Norway.jpeg\" class=\"attachment-large size-large wp-image-667\" alt=\"\" \/>\t\t\t\t\t\t\t\t\t\t\t\t\t\t\t<\/div>\n\t\t\t\t<\/div>\n\t\t\t\t<div class=\"elementor-element elementor-element-d40241f elementor-widget elementor-widget-image\" data-id=\"d40241f\" data-element_type=\"widget\" data-e-type=\"widget\" data-widget_type=\"image.default\">\n\t\t\t\t<div class=\"elementor-widget-container\">\n\t\t\t\t\t\t\t\t\t\t\t\t\t\t\t<img decoding=\"async\" width=\"220\" height=\"278\" src=\"https:\/\/www.ctgce.com\/wp-content\/uploads\/2025\/03\/Classification_Nordmann.jpeg\" class=\"attachment-large size-large wp-image-665\" alt=\"\" \/>\t\t\t\t\t\t\t\t\t\t\t\t\t\t\t<\/div>\n\t\t\t\t<\/div>\n\t\t\t\t<div class=\"elementor-element elementor-element-dbd5a57 elementor-widget elementor-widget-image\" data-id=\"dbd5a57\" data-element_type=\"widget\" data-e-type=\"widget\" data-widget_type=\"image.default\">\n\t\t\t\t<div class=\"elementor-widget-container\">\n\t\t\t\t\t\t\t\t\t\t\t\t\t\t\t<img loading=\"lazy\" decoding=\"async\" width=\"220\" height=\"274\" src=\"https:\/\/www.ctgce.com\/wp-content\/uploads\/2025\/03\/Classification_Noble.jpeg\" class=\"attachment-large size-large wp-image-663\" alt=\"\" \/>\t\t\t\t\t\t\t\t\t\t\t\t\t\t\t<\/div>\n\t\t\t\t<\/div>\n\t\t\t\t<\/div>\n\t\t\t\t\t<\/div>\n\t\t\t\t<\/div>\n\t\t\t\t<\/div>\n\t\t","protected":false},"excerpt":{"rendered":"<p>Klassifizierung SortierungsanleitungenEine korrekte Sortierung Ihrer Weihnachtsb\u00e4ume sichert, dass die Ware in \u00dcbereinstimmung mit den W\u00fcnschen der Kunden ist, und Sie haben dadurch auch bessere M\u00f6glichkeiten, wenn Sie mit den Abnehmern Preise verhandeln wollen. Der CTGCE hat eine Sortierungsanleitung f\u00fcr Nordmanntannen (A\/B Sortierung) und f\u00fcr alle Sorten (Erste Wahl, Zweite Wahl und Nicht Klassifiziert) hergestellt. Wenn [&hellip;]<\/p>\n","protected":false},"author":2,"featured_media":0,"parent":0,"menu_order":0,"comment_status":"closed","ping_status":"closed","template":"elementor_header_footer","meta":{"footnotes":""},"class_list":["post-349","page","type-page","status-publish","hentry"],"_links":{"self":[{"href":"https:\/\/www.ctgce.com\/de\/wp-json\/wp\/v2\/pages\/349","targetHints":{"allow":["GET"]}}],"collection":[{"href":"https:\/\/www.ctgce.com\/de\/wp-json\/wp\/v2\/pages"}],"about":[{"href":"https:\/\/www.ctgce.com\/de\/wp-json\/wp\/v2\/types\/page"}],"author":[{"embeddable":true,"href":"https:\/\/www.ctgce.com\/de\/wp-json\/wp\/v2\/users\/2"}],"replies":[{"embeddable":true,"href":"https:\/\/www.ctgce.com\/de\/wp-json\/wp\/v2\/comments?post=349"}],"version-history":[{"count":26,"href":"https:\/\/www.ctgce.com\/de\/wp-json\/wp\/v2\/pages\/349\/revisions"}],"predecessor-version":[{"id":1726,"href":"https:\/\/www.ctgce.com\/de\/wp-json\/wp\/v2\/pages\/349\/revisions\/1726"}],"wp:attachment":[{"href":"https:\/\/www.ctgce.com\/de\/wp-json\/wp\/v2\/media?parent=349"}],"curies":[{"name":"wp","href":"https:\/\/api.w.org\/{rel}","templated":true}]}}