{"id":347,"date":"2025-03-05T17:43:02","date_gmt":"2025-03-05T16:43:02","guid":{"rendered":"http:\/\/wordpress.p687827.webspaceconfig.de\/certification\/"},"modified":"2025-03-28T15:45:12","modified_gmt":"2025-03-28T14:45:12","slug":"zertifizierung","status":"publish","type":"page","link":"https:\/\/www.ctgce.com\/de\/zertifizierung\/","title":{"rendered":"Zertifizierung"},"content":{"rendered":"\t\t<div data-elementor-type=\"wp-page\" data-elementor-id=\"347\" class=\"elementor elementor-347 elementor-52\">\n\t\t\t\t<div class=\"elementor-element elementor-element-8b4b54f e-flex e-con-boxed e-con e-parent\" data-id=\"8b4b54f\" data-element_type=\"container\" data-e-type=\"container\">\n\t\t\t\t\t<div class=\"e-con-inner\">\n\t\t\t\t<div class=\"elementor-element elementor-element-8ec20ad elementor-widget elementor-widget-image\" data-id=\"8ec20ad\" data-element_type=\"widget\" data-e-type=\"widget\" data-widget_type=\"image.default\">\n\t\t\t\t<div class=\"elementor-widget-container\">\n\t\t\t\t\t\t\t\t\t\t\t\t\t\t\t<img fetchpriority=\"high\" decoding=\"async\" width=\"700\" height=\"180\" src=\"https:\/\/www.ctgce.com\/wp-content\/uploads\/2025\/03\/seeds_2.jpg\" class=\"attachment-large size-large wp-image-652\" alt=\"\" srcset=\"https:\/\/www.ctgce.com\/wp-content\/uploads\/2025\/03\/seeds_2.jpg 700w, https:\/\/www.ctgce.com\/wp-content\/uploads\/2025\/03\/seeds_2-300x77.jpg 300w\" sizes=\"(max-width: 700px) 100vw, 700px\" \/>\t\t\t\t\t\t\t\t\t\t\t\t\t\t\t<\/div>\n\t\t\t\t<\/div>\n\t\t\t\t\t<\/div>\n\t\t\t\t<\/div>\n\t\t<div class=\"elementor-element elementor-element-d07b5c9 e-flex e-con-boxed e-con e-parent\" data-id=\"d07b5c9\" data-element_type=\"container\" data-e-type=\"container\">\n\t\t\t\t\t<div class=\"e-con-inner\">\n\t\t\t\t<div class=\"elementor-element elementor-element-d75d332 elementor-widget elementor-widget-heading\" data-id=\"d75d332\" data-element_type=\"widget\" data-e-type=\"widget\" data-widget_type=\"heading.default\">\n\t\t\t\t<div class=\"elementor-widget-container\">\n\t\t\t\t\t<h1 class=\"elementor-heading-title elementor-size-default\">Zertifizierung<\/h1>\t\t\t\t<\/div>\n\t\t\t\t<\/div>\n\t\t\t\t<div class=\"elementor-element elementor-element-b83d677 elementor-widget elementor-widget-text-editor\" data-id=\"b83d677\" data-element_type=\"widget\" data-e-type=\"widget\" data-widget_type=\"text-editor.default\">\n\t\t\t\t<div class=\"elementor-widget-container\">\n\t\t\t\t\t\t\t\t\t<p>Die europ\u00e4ischen Weihnachtsbaumproduzenten empfehlen GlobalG.A.P.<br \/>In den Mitgliedsl\u00e4ndern des Europ\u00e4ischen Rats f\u00fcr Weihnachtsbaum- und Schnittgr\u00fcnproduzenten sind viele nationale Zertifizierungsschemata verbreitet. Diese Schemata orientieren sich im verschiedenen Ma\u00dfe an unterschiedlichen Kundengruppen und\/oder Anbaumethoden und sind mehr oder weniger deutlich von nationalen Schwerpunkten gepr\u00e4gt.<\/p><p>Um eine gemeinsame Grundlage f\u00fcr die Zertifizierung einzuf\u00fchren, hat sich der Europ\u00e4ische Rat f\u00fcr Weihnachtsbaumund Schnittgr\u00fcnproduzenten geeinigt, GlobalG.A.P. als das tragende gemeinsame und grenz\u00fcbergreifende europ\u00e4ische Zertifizierungsschema zu empfehlen.<\/p><p>GlobalG.A.P. ist eine private internationale Organisation, die Normen f\u00fcr die landwirtschaftliche Produktion aufstellt, in die Anforderungen an Qualit\u00e4t, Umwelt, Gesundheit und Sicherheit am Arbeitsplatz, Sozialabsicherung und Hygiene einflie\u00dfen. GlobalG.A.P. basiert auf der nationalen Gesetzgebung der einzelnen L\u00e4nder mit dem Schwerpunkt auf Sp\u00fcrbarkeit und Dokumentation durch unabh\u00e4ngige Kontrollbesuche. GlobalG.A.P. wird heute in \u00fcber 130 L\u00e4ndern von mehr als 110.000 Unternehmen verwendet und ist deshalb auch in vielen der Handelskan\u00e4le, die auch<br \/>Weihnachtsb\u00e4ume verhandeln, als B2B-Zertifizierungsschema vertreten. Mit GlobalG.A.P. erhalten die K\u00e4ufer die Sicherheit daf\u00fcr, dass Anbaumethoden und die Bearbeitung der Produkte in \u00dcbereinstimmung mit den geltenden Normen sind, was sowohl f\u00fcr die Verbraucher als auch f\u00fcr die Umwelt von Vorteil ist.<\/p><p>Erfahren Sie hier mehr \u00fcber GlobalG.A.P. : <a href=\"http:\/\/www.globalgap.org\/uk_en\/\" target=\"_blank\" rel=\"noopener\">http:\/\/www.globalgap.org\/uk_en\/<\/a> <\/p>\t\t\t\t\t\t\t\t<\/div>\n\t\t\t\t<\/div>\n\t\t\t\t\t<\/div>\n\t\t\t\t<\/div>\n\t\t\t\t<\/div>\n\t\t","protected":false},"excerpt":{"rendered":"<p>Zertifizierung Die europ\u00e4ischen Weihnachtsbaumproduzenten empfehlen GlobalG.A.P.In den Mitgliedsl\u00e4ndern des Europ\u00e4ischen Rats f\u00fcr Weihnachtsbaum- und Schnittgr\u00fcnproduzenten sind viele nationale Zertifizierungsschemata verbreitet. Diese Schemata orientieren sich im verschiedenen Ma\u00dfe an unterschiedlichen Kundengruppen und\/oder Anbaumethoden und sind mehr oder weniger deutlich von nationalen Schwerpunkten gepr\u00e4gt. Um eine gemeinsame Grundlage f\u00fcr die Zertifizierung einzuf\u00fchren, hat sich der Europ\u00e4ische Rat [&hellip;]<\/p>\n","protected":false},"author":2,"featured_media":0,"parent":0,"menu_order":0,"comment_status":"closed","ping_status":"closed","template":"elementor_header_footer","meta":{"footnotes":""},"class_list":["post-347","page","type-page","status-publish","hentry"],"_links":{"self":[{"href":"https:\/\/www.ctgce.com\/de\/wp-json\/wp\/v2\/pages\/347","targetHints":{"allow":["GET"]}}],"collection":[{"href":"https:\/\/www.ctgce.com\/de\/wp-json\/wp\/v2\/pages"}],"about":[{"href":"https:\/\/www.ctgce.com\/de\/wp-json\/wp\/v2\/types\/page"}],"author":[{"embeddable":true,"href":"https:\/\/www.ctgce.com\/de\/wp-json\/wp\/v2\/users\/2"}],"replies":[{"embeddable":true,"href":"https:\/\/www.ctgce.com\/de\/wp-json\/wp\/v2\/comments?post=347"}],"version-history":[{"count":17,"href":"https:\/\/www.ctgce.com\/de\/wp-json\/wp\/v2\/pages\/347\/revisions"}],"predecessor-version":[{"id":1744,"href":"https:\/\/www.ctgce.com\/de\/wp-json\/wp\/v2\/pages\/347\/revisions\/1744"}],"wp:attachment":[{"href":"https:\/\/www.ctgce.com\/de\/wp-json\/wp\/v2\/media?parent=347"}],"curies":[{"name":"wp","href":"https:\/\/api.w.org\/{rel}","templated":true}]}}