{"id":345,"date":"2025-03-05T17:40:48","date_gmt":"2025-03-05T16:40:48","guid":{"rendered":"http:\/\/wordpress.p687827.webspaceconfig.de\/articles\/"},"modified":"2025-03-28T15:24:22","modified_gmt":"2025-03-28T14:24:22","slug":"artikel","status":"publish","type":"page","link":"https:\/\/www.ctgce.com\/de\/artikel\/","title":{"rendered":"Artikel"},"content":{"rendered":"\t\t<div data-elementor-type=\"wp-page\" data-elementor-id=\"345\" class=\"elementor elementor-345 elementor-40\">\n\t\t\t\t<div class=\"elementor-element elementor-element-88dddbe e-flex e-con-boxed e-con e-parent\" data-id=\"88dddbe\" data-element_type=\"container\" data-e-type=\"container\">\n\t\t\t\t\t<div class=\"e-con-inner\">\n\t\t\t\t<div class=\"elementor-element elementor-element-13dcd4f elementor-widget elementor-widget-image\" data-id=\"13dcd4f\" data-element_type=\"widget\" data-e-type=\"widget\" data-widget_type=\"image.default\">\n\t\t\t\t<div class=\"elementor-widget-container\">\n\t\t\t\t\t\t\t\t\t\t\t\t\t\t\t<img fetchpriority=\"high\" decoding=\"async\" width=\"800\" height=\"208\" src=\"https:\/\/www.ctgce.com\/wp-content\/uploads\/2025\/03\/brunch_christmastree-1024x266.png\" class=\"attachment-large size-large wp-image-640\" alt=\"\" srcset=\"https:\/\/www.ctgce.com\/wp-content\/uploads\/2025\/03\/brunch_christmastree-1024x266.png 1024w, https:\/\/www.ctgce.com\/wp-content\/uploads\/2025\/03\/brunch_christmastree-300x78.png 300w, https:\/\/www.ctgce.com\/wp-content\/uploads\/2025\/03\/brunch_christmastree-768x200.png 768w, https:\/\/www.ctgce.com\/wp-content\/uploads\/2025\/03\/brunch_christmastree-1536x399.png 1536w, https:\/\/www.ctgce.com\/wp-content\/uploads\/2025\/03\/brunch_christmastree.png 1884w\" sizes=\"(max-width: 800px) 100vw, 800px\" \/>\t\t\t\t\t\t\t\t\t\t\t\t\t\t\t<\/div>\n\t\t\t\t<\/div>\n\t\t<div class=\"elementor-element elementor-element-839666f e-con-full e-flex e-con e-child\" data-id=\"839666f\" data-element_type=\"container\" data-e-type=\"container\">\n\t\t\t\t<div class=\"elementor-element elementor-element-cf01a8f elementor-widget elementor-widget-heading\" data-id=\"cf01a8f\" data-element_type=\"widget\" data-e-type=\"widget\" data-widget_type=\"heading.default\">\n\t\t\t\t<div class=\"elementor-widget-container\">\n\t\t\t\t\t<h1 class=\"elementor-heading-title elementor-size-default\">Artikel<\/h1>\t\t\t\t<\/div>\n\t\t\t\t<\/div>\n\t\t\t\t<div class=\"elementor-element elementor-element-e0ac0d5 elementor-widget elementor-widget-text-editor\" data-id=\"e0ac0d5\" data-element_type=\"widget\" data-e-type=\"widget\" data-widget_type=\"text-editor.default\">\n\t\t\t\t<div class=\"elementor-widget-container\">\n\t\t\t\t\t\t\t\t\t<p>Unten finden Sie einige relevante Artikel \u00fcber das Rat der Europ\u00e4ischen Weihnachtsbaum- und Schnittgr\u00fcnproduzenten oder Artikel zu der europ\u00e4ischen Christbaum-Industrie.<\/p><table><tbody><tr><td><strong>Zeitschrift<\/strong><\/td><td><strong>Titel<\/strong><\/td><td><strong>Datum<\/strong><\/td><\/tr><tr><td>\u00a0Nadel Journal<\/td><td>\u00a0<a href=\"https:\/\/www.ctgce.com\/wp-content\/uploads\/images\/pdfs\/Nadel_Journal_10_2012.pdf\" target=\"_blank\" rel=\"noopener noreferrer\">4 Jahre Vorsitz beim CTGCE<\/a><\/td><td>\u00a0Oktober 2012<\/td><\/tr><tr><td>\u00a0Nadel Journal<\/td><td>\u00a0<a href=\"https:\/\/www.ctgce.com\/wp-content\/uploads\/images\/pdfs\/Nadel_Journal_05_2014.pdf\" target=\"_blank\" rel=\"noopener noreferrer\">EU-Markt war wie 2012<\/a><\/td><td>\u00a0Mai 2014<\/td><\/tr><tr><td>\u00a0N\u00e5ledrys<\/td><td>\u00a0<a href=\"https:\/\/www.ctgce.com\/wp-content\/uploads\/images\/pdfs\/Naledrys_89_2014.pdf\" target=\"_blank\" rel=\"noopener noreferrer\">Sommerm\u00f8de for juletr\u00e6sproducenter<\/a><\/td><td>\u00a0September 2014<\/td><\/tr><tr><td>\u00a0TASPO<\/td><td>\u00a0<a href=\"https:\/\/www.ctgce.com\/wp-content\/uploads\/images\/pdfs\/TASPO_17_April_2014.pdf\" target=\"_blank\" rel=\"noopener noreferrer\">Den Kunstbaum muss man im Auge behalten<\/a><\/td><td>\u00a0April 2014<\/td><\/tr><tr><td>\u00a0N\u00e5ledrys<\/td><td>\u00a0<a href=\"https:\/\/www.ctgce.com\/wp-content\/uploads\/images\/pdfs\/Naledrys_97_2016_summer_meeting.pdf\" target=\"_blank\" rel=\"noopener noreferrer\">Den Europ\u00e6iske Juletr\u00e6sdyrkerforening<\/a><\/td><td>\u00a0September 2016<\/td><\/tr><\/tbody><\/table>\t\t\t\t\t\t\t\t<\/div>\n\t\t\t\t<\/div>\n\t\t\t\t<\/div>\n\t\t\t\t\t<\/div>\n\t\t\t\t<\/div>\n\t\t\t\t<\/div>\n\t\t","protected":false},"excerpt":{"rendered":"<p>Artikel Unten finden Sie einige relevante Artikel \u00fcber das Rat der Europ\u00e4ischen Weihnachtsbaum- und Schnittgr\u00fcnproduzenten oder Artikel zu der europ\u00e4ischen Christbaum-Industrie. Zeitschrift Titel Datum \u00a0Nadel Journal \u00a04 Jahre Vorsitz beim CTGCE \u00a0Oktober 2012 \u00a0Nadel Journal \u00a0EU-Markt war wie 2012 \u00a0Mai 2014 \u00a0N\u00e5ledrys \u00a0Sommerm\u00f8de for juletr\u00e6sproducenter \u00a0September 2014 \u00a0TASPO \u00a0Den Kunstbaum muss man im Auge behalten [&hellip;]<\/p>\n","protected":false},"author":2,"featured_media":0,"parent":0,"menu_order":0,"comment_status":"closed","ping_status":"closed","template":"elementor_header_footer","meta":{"footnotes":""},"class_list":["post-345","page","type-page","status-publish","hentry"],"_links":{"self":[{"href":"https:\/\/www.ctgce.com\/de\/wp-json\/wp\/v2\/pages\/345","targetHints":{"allow":["GET"]}}],"collection":[{"href":"https:\/\/www.ctgce.com\/de\/wp-json\/wp\/v2\/pages"}],"about":[{"href":"https:\/\/www.ctgce.com\/de\/wp-json\/wp\/v2\/types\/page"}],"author":[{"embeddable":true,"href":"https:\/\/www.ctgce.com\/de\/wp-json\/wp\/v2\/users\/2"}],"replies":[{"embeddable":true,"href":"https:\/\/www.ctgce.com\/de\/wp-json\/wp\/v2\/comments?post=345"}],"version-history":[{"count":39,"href":"https:\/\/www.ctgce.com\/de\/wp-json\/wp\/v2\/pages\/345\/revisions"}],"predecessor-version":[{"id":1714,"href":"https:\/\/www.ctgce.com\/de\/wp-json\/wp\/v2\/pages\/345\/revisions\/1714"}],"wp:attachment":[{"href":"https:\/\/www.ctgce.com\/de\/wp-json\/wp\/v2\/media?parent=345"}],"curies":[{"name":"wp","href":"https:\/\/api.w.org\/{rel}","templated":true}]}}