{"id":343,"date":"2025-03-05T17:39:40","date_gmt":"2025-03-05T16:39:40","guid":{"rendered":"http:\/\/wordpress.p687827.webspaceconfig.de\/about-us\/"},"modified":"2025-09-10T15:55:32","modified_gmt":"2025-09-10T13:55:32","slug":"ueber-uns","status":"publish","type":"page","link":"https:\/\/www.ctgce.com\/de\/","title":{"rendered":"\u00dcber Uns"},"content":{"rendered":"\t\t<div data-elementor-type=\"wp-page\" data-elementor-id=\"343\" class=\"elementor elementor-343 elementor-32\">\n\t\t\t\t<div class=\"elementor-element elementor-element-0c8271f e-flex e-con-boxed e-con e-parent\" data-id=\"0c8271f\" data-element_type=\"container\" data-e-type=\"container\">\n\t\t\t\t\t<div class=\"e-con-inner\">\n\t\t\t\t<div class=\"elementor-element elementor-element-ebf4165 elementor-widget elementor-widget-image\" data-id=\"ebf4165\" data-element_type=\"widget\" data-e-type=\"widget\" data-widget_type=\"image.default\">\n\t\t\t\t<div class=\"elementor-widget-container\">\n\t\t\t\t\t\t\t\t\t\t\t\t\t\t\t<img fetchpriority=\"high\" decoding=\"async\" width=\"800\" height=\"206\" src=\"https:\/\/www.ctgce.com\/wp-content\/uploads\/2025\/03\/tannenzweig.jpg\" class=\"attachment-large size-large wp-image-337\" alt=\"\" srcset=\"https:\/\/www.ctgce.com\/wp-content\/uploads\/2025\/03\/tannenzweig.jpg 900w, https:\/\/www.ctgce.com\/wp-content\/uploads\/2025\/03\/tannenzweig-300x77.jpg 300w, https:\/\/www.ctgce.com\/wp-content\/uploads\/2025\/03\/tannenzweig-768x198.jpg 768w\" sizes=\"(max-width: 800px) 100vw, 800px\" \/>\t\t\t\t\t\t\t\t\t\t\t\t\t\t\t<\/div>\n\t\t\t\t<\/div>\n\t\t\t\t<div class=\"elementor-element elementor-element-298fbea elementor-widget elementor-widget-text-editor\" data-id=\"298fbea\" data-element_type=\"widget\" data-e-type=\"widget\" data-widget_type=\"text-editor.default\">\n\t\t\t\t<div class=\"elementor-widget-container\">\n\t\t\t\t\t\t\t\t\t<div class=\"custom\"><p><strong>Bitte klicken Sie auf eine Fahne, um auf die jeweilige L\u00e4nderseite zu gelangen<\/strong><\/p><\/div>\t\t\t\t\t\t\t\t<\/div>\n\t\t\t\t<\/div>\n\t\t<div class=\"elementor-element elementor-element-ad78183 e-con-full e-flex e-con e-child\" data-id=\"ad78183\" data-element_type=\"container\" data-e-type=\"container\">\n\t\t\t\t<div class=\"elementor-element elementor-element-23ad332 elementor-widget elementor-widget-image\" data-id=\"23ad332\" data-element_type=\"widget\" data-e-type=\"widget\" data-widget_type=\"image.default\">\n\t\t\t\t<div class=\"elementor-widget-container\">\n\t\t\t\t\t\t\t\t\t\t\t\t\t\t\t\t<a href=\"https:\/\/www.weihnachtsbaum.at\/\" target=\"_blank\">\n\t\t\t\t\t\t\t<img decoding=\"async\" width=\"60\" height=\"40\" src=\"https:\/\/www.ctgce.com\/wp-content\/uploads\/2025\/03\/austria_flag-1.png\" class=\"attachment-large size-large wp-image-759\" alt=\"\" \/>\t\t\t\t\t\t\t\t<\/a>\n\t\t\t\t\t\t\t\t\t\t\t\t\t\t\t<\/div>\n\t\t\t\t<\/div>\n\t\t\t\t<div class=\"elementor-element elementor-element-967e16d elementor-widget elementor-widget-image\" data-id=\"967e16d\" data-element_type=\"widget\" data-e-type=\"widget\" data-widget_type=\"image.default\">\n\t\t\t\t<div class=\"elementor-widget-container\">\n\t\t\t\t\t\t\t\t\t\t\t\t\t\t\t\t<a href=\"https:\/\/uap.be\/\" target=\"_blank\">\n\t\t\t\t\t\t\t<img decoding=\"async\" width=\"60\" height=\"40\" src=\"https:\/\/www.ctgce.com\/wp-content\/uploads\/2025\/03\/belgum_flag-1.png\" class=\"attachment-large size-large wp-image-761\" alt=\"\" \/>\t\t\t\t\t\t\t\t<\/a>\n\t\t\t\t\t\t\t\t\t\t\t\t\t\t\t<\/div>\n\t\t\t\t<\/div>\n\t\t\t\t<div class=\"elementor-element elementor-element-03f1d86 elementor-widget elementor-widget-image\" data-id=\"03f1d86\" data-element_type=\"widget\" data-e-type=\"widget\" data-widget_type=\"image.default\">\n\t\t\t\t<div class=\"elementor-widget-container\">\n\t\t\t\t\t\t\t\t\t\t\t\t\t\t\t\t<a href=\"https:\/\/www.vanocnistromek.cz\/\" target=\"_blank\">\n\t\t\t\t\t\t\t<img loading=\"lazy\" decoding=\"async\" width=\"60\" height=\"40\" src=\"https:\/\/www.ctgce.com\/wp-content\/uploads\/2025\/03\/cech-republik_flag-1.png\" class=\"attachment-large size-large wp-image-763\" alt=\"\" \/>\t\t\t\t\t\t\t\t<\/a>\n\t\t\t\t\t\t\t\t\t\t\t\t\t\t\t<\/div>\n\t\t\t\t<\/div>\n\t\t\t\t<div class=\"elementor-element elementor-element-fddec2e elementor-widget elementor-widget-image\" data-id=\"fddec2e\" data-element_type=\"widget\" data-e-type=\"widget\" data-widget_type=\"image.default\">\n\t\t\t\t<div class=\"elementor-widget-container\">\n\t\t\t\t\t\t\t\t\t\t\t\t\t\t\t\t<a href=\"https:\/\/christmastree.dk\/\" target=\"_blank\">\n\t\t\t\t\t\t\t<img loading=\"lazy\" decoding=\"async\" width=\"60\" height=\"40\" src=\"https:\/\/www.ctgce.com\/wp-content\/uploads\/2025\/03\/denmark_flag-1.png\" class=\"attachment-large size-large wp-image-765\" alt=\"\" \/>\t\t\t\t\t\t\t\t<\/a>\n\t\t\t\t\t\t\t\t\t\t\t\t\t\t\t<\/div>\n\t\t\t\t<\/div>\n\t\t\t\t<div class=\"elementor-element elementor-element-cc51b20 elementor-widget elementor-widget-image\" data-id=\"cc51b20\" data-element_type=\"widget\" data-e-type=\"widget\" data-widget_type=\"image.default\">\n\t\t\t\t<div class=\"elementor-widget-container\">\n\t\t\t\t\t\t\t\t\t\t\t\t\t\t\t\t<a href=\"https:\/\/afsnn.fr\/\" target=\"_blank\">\n\t\t\t\t\t\t\t<img loading=\"lazy\" decoding=\"async\" width=\"60\" height=\"40\" src=\"https:\/\/www.ctgce.com\/wp-content\/uploads\/2025\/03\/france_flag-1.png\" class=\"attachment-large size-large wp-image-767\" alt=\"\" \/>\t\t\t\t\t\t\t\t<\/a>\n\t\t\t\t\t\t\t\t\t\t\t\t\t\t\t<\/div>\n\t\t\t\t<\/div>\n\t\t\t\t<div class=\"elementor-element elementor-element-40a8352 elementor-widget elementor-widget-image\" data-id=\"40a8352\" data-element_type=\"widget\" data-e-type=\"widget\" data-widget_type=\"image.default\">\n\t\t\t\t<div class=\"elementor-widget-container\">\n\t\t\t\t\t\t\t\t\t\t\t\t\t\t\t\t<a href=\"https:\/\/bvwe.de\/\" target=\"_blank\">\n\t\t\t\t\t\t\t<img loading=\"lazy\" decoding=\"async\" width=\"60\" height=\"40\" src=\"https:\/\/www.ctgce.com\/wp-content\/uploads\/2025\/03\/german_flag-1.png\" class=\"attachment-large size-large wp-image-769\" alt=\"\" \/>\t\t\t\t\t\t\t\t<\/a>\n\t\t\t\t\t\t\t\t\t\t\t\t\t\t\t<\/div>\n\t\t\t\t<\/div>\n\t\t\t\t<div class=\"elementor-element elementor-element-6e816f3 elementor-widget elementor-widget-image\" data-id=\"6e816f3\" data-element_type=\"widget\" data-e-type=\"widget\" data-widget_type=\"image.default\">\n\t\t\t\t<div class=\"elementor-widget-container\">\n\t\t\t\t\t\t\t\t\t\t\t\t\t\t\t\t<a href=\"https:\/\/www.bctga.co.uk\/\" target=\"_blank\">\n\t\t\t\t\t\t\t<img loading=\"lazy\" decoding=\"async\" width=\"60\" height=\"40\" src=\"https:\/\/www.ctgce.com\/wp-content\/uploads\/2025\/03\/great_britain_flag-1.png\" class=\"attachment-large size-large wp-image-771\" alt=\"\" \/>\t\t\t\t\t\t\t\t<\/a>\n\t\t\t\t\t\t\t\t\t\t\t\t\t\t\t<\/div>\n\t\t\t\t<\/div>\n\t\t\t\t<div class=\"elementor-element elementor-element-bb2c921 elementor-widget elementor-widget-image\" data-id=\"bb2c921\" data-element_type=\"widget\" data-e-type=\"widget\" data-widget_type=\"image.default\">\n\t\t\t\t<div class=\"elementor-widget-container\">\n\t\t\t\t\t\t\t\t\t\t\t\t\t\t\t\t<a href=\"https:\/\/irishchristmastreegrowers.com\/\" target=\"_blank\">\n\t\t\t\t\t\t\t<img loading=\"lazy\" decoding=\"async\" width=\"60\" height=\"40\" src=\"https:\/\/www.ctgce.com\/wp-content\/uploads\/2025\/03\/ireland_flag-1.png\" class=\"attachment-large size-large wp-image-773\" alt=\"\" \/>\t\t\t\t\t\t\t\t<\/a>\n\t\t\t\t\t\t\t\t\t\t\t\t\t\t\t<\/div>\n\t\t\t\t<\/div>\n\t\t\t\t<div class=\"elementor-element elementor-element-b3774eb elementor-widget elementor-widget-image\" data-id=\"b3774eb\" data-element_type=\"widget\" data-e-type=\"widget\" data-widget_type=\"image.default\">\n\t\t\t\t<div class=\"elementor-widget-container\">\n\t\t\t\t\t\t\t\t\t\t\t\t\t\t\t\t<a href=\"https:\/\/www.suisse-christbaum.ch\/\" target=\"_blank\">\n\t\t\t\t\t\t\t<img loading=\"lazy\" decoding=\"async\" width=\"60\" height=\"40\" src=\"https:\/\/www.ctgce.com\/wp-content\/uploads\/2025\/03\/switzerland_flag-1.png\" class=\"attachment-large size-large wp-image-775\" alt=\"\" \/>\t\t\t\t\t\t\t\t<\/a>\n\t\t\t\t\t\t\t\t\t\t\t\t\t\t\t<\/div>\n\t\t\t\t<\/div>\n\t\t\t\t<div class=\"elementor-element elementor-element-fdf27c2 elementor-widget elementor-widget-image\" data-id=\"fdf27c2\" data-element_type=\"widget\" data-e-type=\"widget\" data-widget_type=\"image.default\">\n\t\t\t\t<div class=\"elementor-widget-container\">\n\t\t\t\t\t\t\t\t\t\t\t\t\t\t\t\t<a href=\"https:\/\/www.nederlandsekerstbomen.nl\/\" target=\"_blank\">\n\t\t\t\t\t\t\t<img loading=\"lazy\" decoding=\"async\" width=\"60\" height=\"40\" src=\"https:\/\/www.ctgce.com\/wp-content\/uploads\/2025\/03\/netherland_flag-1.png\" class=\"attachment-large size-large wp-image-777\" alt=\"\" \/>\t\t\t\t\t\t\t\t<\/a>\n\t\t\t\t\t\t\t\t\t\t\t\t\t\t\t<\/div>\n\t\t\t\t<\/div>\n\t\t\t\t<div class=\"elementor-element elementor-element-f4bf279 elementor-widget elementor-widget-image\" data-id=\"f4bf279\" data-element_type=\"widget\" data-e-type=\"widget\" data-widget_type=\"image.default\">\n\t\t\t\t<div class=\"elementor-widget-container\">\n\t\t\t\t\t\t\t\t\t\t\t\t\t\t\t\t<a href=\"https:\/\/polskiechoinki.org\/\" target=\"_blank\">\n\t\t\t\t\t\t\t<img loading=\"lazy\" decoding=\"async\" width=\"60\" height=\"40\" src=\"https:\/\/www.ctgce.com\/wp-content\/uploads\/2025\/03\/poland__flag-1.jpg\" class=\"attachment-large size-large wp-image-779\" alt=\"\" \/>\t\t\t\t\t\t\t\t<\/a>\n\t\t\t\t\t\t\t\t\t\t\t\t\t\t\t<\/div>\n\t\t\t\t<\/div>\n\t\t\t\t<div class=\"elementor-element elementor-element-19cbcae elementor-widget elementor-widget-image\" data-id=\"19cbcae\" data-element_type=\"widget\" data-e-type=\"widget\" data-widget_type=\"image.default\">\n\t\t\t\t<div class=\"elementor-widget-container\">\n\t\t\t\t\t\t\t\t\t\t\t\t\t\t\t\t<a href=\"https:\/\/gartnerforbundet.no\/norsk-juletre\/\" target=\"_blank\">\n\t\t\t\t\t\t\t<img loading=\"lazy\" decoding=\"async\" width=\"60\" height=\"40\" src=\"https:\/\/www.ctgce.com\/wp-content\/uploads\/2025\/03\/norway_flag-1-1.png\" class=\"attachment-large size-large wp-image-781\" alt=\"\" \/>\t\t\t\t\t\t\t\t<\/a>\n\t\t\t\t\t\t\t\t\t\t\t\t\t\t\t<\/div>\n\t\t\t\t<\/div>\n\t\t\t\t<div class=\"elementor-element elementor-element-5f5a2c7 elementor-widget elementor-widget-image\" data-id=\"5f5a2c7\" data-element_type=\"widget\" data-e-type=\"widget\" data-widget_type=\"image.default\">\n\t\t\t\t<div class=\"elementor-widget-container\">\n\t\t\t\t\t\t\t\t\t\t\t\t\t\t\t<img loading=\"lazy\" decoding=\"async\" width=\"60\" height=\"40\" src=\"https:\/\/www.ctgce.com\/wp-content\/uploads\/2025\/09\/Flag-HR.jpg\" class=\"attachment-large size-large wp-image-1848\" alt=\"\" \/>\t\t\t\t\t\t\t\t\t\t\t\t\t\t\t<\/div>\n\t\t\t\t<\/div>\n\t\t\t\t<\/div>\n\t\t\t\t\t<\/div>\n\t\t\t\t<\/div>\n\t\t<div class=\"elementor-element elementor-element-d2ad2c1 e-flex e-con-boxed e-con e-parent\" data-id=\"d2ad2c1\" data-element_type=\"container\" data-e-type=\"container\">\n\t\t\t\t\t<div class=\"e-con-inner\">\n\t\t\t\t<div class=\"elementor-element elementor-element-dd9b247 elementor-widget elementor-widget-heading\" data-id=\"dd9b247\" data-element_type=\"widget\" data-e-type=\"widget\" data-widget_type=\"heading.default\">\n\t\t\t\t<div class=\"elementor-widget-container\">\n\t\t\t\t\t<h1 class=\"elementor-heading-title elementor-size-default\">Weihnachtsbaumanbauer Europas<\/h1>\t\t\t\t<\/div>\n\t\t\t\t<\/div>\n\t\t\t\t<div class=\"elementor-element elementor-element-e393b5d elementor-widget elementor-widget-text-editor\" data-id=\"e393b5d\" data-element_type=\"widget\" data-e-type=\"widget\" data-widget_type=\"text-editor.default\">\n\t\t\t\t<div class=\"elementor-widget-container\">\n\t\t\t\t\t\t\t\t\t<p>CTGCE, ein Verband, der die meisten Weihnachtsbaumanbauer in Europa vermittelt.<br \/><br \/>Die Hauptziele des Verbandes sind:<br \/>* Interessenvertretung der Weihnachtsbaumanbauer in Europa &#8218;<br \/>* Entwicklung der Europaischen Weihnachtsbaumbestand&#8216;<br \/>* Entwicklung des Europaischen Weihnachtsbaumarktes &#8218;<br \/>* Erkl\u00e4rung einer Richtlinie \u00fcber Qualit\u00e4tsstandards<br \/>* Beschreibung von Herbst schlechte Handelspraxis<br \/>* Korrektur ungeregelten Steuersituationen<br \/>* Koordination von Pestizidrichtlinien und -forschung<br \/>* m\u00f6glichkeit des freien Ideen- und Informationsaustausch unter Weihnachtsbaumanbauern<br \/>durch gemeinsame Veranstaltungen<\/p>\t\t\t\t\t\t\t\t<\/div>\n\t\t\t\t<\/div>\n\t\t\t\t\t<\/div>\n\t\t\t\t<\/div>\n\t\t<div class=\"elementor-element elementor-element-d388566 e-flex e-con-boxed e-con e-parent\" data-id=\"d388566\" data-element_type=\"container\" data-e-type=\"container\" data-settings=\"{&quot;background_background&quot;:&quot;classic&quot;}\">\n\t\t\t\t\t<div class=\"e-con-inner\">\n\t\t<div class=\"elementor-element elementor-element-1748018 e-con-full e-flex e-con e-child\" data-id=\"1748018\" data-element_type=\"container\" data-e-type=\"container\" data-settings=\"{&quot;background_background&quot;:&quot;classic&quot;}\">\n\t\t<div class=\"elementor-element elementor-element-a345bac e-con-full e-flex e-con e-child\" data-id=\"a345bac\" data-element_type=\"container\" data-e-type=\"container\" data-settings=\"{&quot;background_background&quot;:&quot;classic&quot;}\">\n\t\t\t\t<div class=\"elementor-element elementor-element-2ae8e93 elementor-widget elementor-widget-text-editor\" data-id=\"2ae8e93\" data-element_type=\"widget\" data-e-type=\"widget\" data-widget_type=\"text-editor.default\">\n\t\t\t\t<div class=\"elementor-widget-container\">\n\t\t\t\t\t\t\t\t\t<p><strong>Mitglieder<\/strong><\/p><p>der Europ\u00e4ischen<br \/>Union (regionale und<br \/>nationale Vertreter).<br \/><a href=\"\/de\/mitglieder\/\">weiter &gt;&gt;<\/a><\/p>\t\t\t\t\t\t\t\t<\/div>\n\t\t\t\t<\/div>\n\t\t\t\t<\/div>\n\t\t<div class=\"elementor-element elementor-element-da2c46a e-con-full e-flex e-con e-child\" data-id=\"da2c46a\" data-element_type=\"container\" data-e-type=\"container\" data-settings=\"{&quot;background_background&quot;:&quot;classic&quot;}\">\n\t\t\t\t<div class=\"elementor-element elementor-element-54daf54 elementor-widget elementor-widget-text-editor\" data-id=\"54daf54\" data-element_type=\"widget\" data-e-type=\"widget\" data-widget_type=\"text-editor.default\">\n\t\t\t\t<div class=\"elementor-widget-container\">\n\t\t\t\t\t\t\t\t\t<p><strong>Deklarationen<\/strong><\/p><p>Deklaration Frische <a href=\"\/de\/deklaration-frische\/\">weiter &gt;&gt;<\/a><br \/>Deklaration Samen <a href=\"\/de\/deklaration-samen\/\">weiter &gt;&gt;<\/a><\/p>\t\t\t\t\t\t\t\t<\/div>\n\t\t\t\t<\/div>\n\t\t\t\t<\/div>\n\t\t<div class=\"elementor-element elementor-element-337c797 e-con-full e-flex e-con e-child\" data-id=\"337c797\" data-element_type=\"container\" data-e-type=\"container\" data-settings=\"{&quot;background_background&quot;:&quot;classic&quot;}\">\n\t\t\t\t<div class=\"elementor-element elementor-element-2d4c649 elementor-widget elementor-widget-text-editor\" data-id=\"2d4c649\" data-element_type=\"widget\" data-e-type=\"widget\" data-widget_type=\"text-editor.default\">\n\t\t\t\t<div class=\"elementor-widget-container\">\n\t\t\t\t\t\t\t\t\t<p><strong>Klassifikation<\/strong><\/p><p>Sortieranleitung f\u00fcr Nordmanntannen und den anderen Baumarten. <a href=\"\/de\/klassifizierung\/\">weiter &gt;&gt;<\/a><\/p>\t\t\t\t\t\t\t\t<\/div>\n\t\t\t\t<\/div>\n\t\t\t\t<\/div>\n\t\t\t\t<\/div>\n\t\t\t\t\t<\/div>\n\t\t\t\t<\/div>\n\t\t\t\t<\/div>\n\t\t","protected":false},"excerpt":{"rendered":"<p>Bitte klicken Sie auf eine Fahne, um auf die jeweilige L\u00e4nderseite zu gelangen Weihnachtsbaumanbauer Europas CTGCE, ein Verband, der die meisten Weihnachtsbaumanbauer in Europa vermittelt. Die Hauptziele des Verbandes sind:* Interessenvertretung der Weihnachtsbaumanbauer in Europa &#8218;* Entwicklung der Europaischen Weihnachtsbaumbestand&#8216;* Entwicklung des Europaischen Weihnachtsbaumarktes &#8218;* Erkl\u00e4rung einer Richtlinie \u00fcber Qualit\u00e4tsstandards* Beschreibung von Herbst schlechte Handelspraxis* [&hellip;]<\/p>\n","protected":false},"author":2,"featured_media":0,"parent":0,"menu_order":0,"comment_status":"closed","ping_status":"closed","template":"elementor_header_footer","meta":{"footnotes":""},"class_list":["post-343","page","type-page","status-publish","hentry"],"_links":{"self":[{"href":"https:\/\/www.ctgce.com\/de\/wp-json\/wp\/v2\/pages\/343","targetHints":{"allow":["GET"]}}],"collection":[{"href":"https:\/\/www.ctgce.com\/de\/wp-json\/wp\/v2\/pages"}],"about":[{"href":"https:\/\/www.ctgce.com\/de\/wp-json\/wp\/v2\/types\/page"}],"author":[{"embeddable":true,"href":"https:\/\/www.ctgce.com\/de\/wp-json\/wp\/v2\/users\/2"}],"replies":[{"embeddable":true,"href":"https:\/\/www.ctgce.com\/de\/wp-json\/wp\/v2\/comments?post=343"}],"version-history":[{"count":41,"href":"https:\/\/www.ctgce.com\/de\/wp-json\/wp\/v2\/pages\/343\/revisions"}],"predecessor-version":[{"id":1854,"href":"https:\/\/www.ctgce.com\/de\/wp-json\/wp\/v2\/pages\/343\/revisions\/1854"}],"wp:attachment":[{"href":"https:\/\/www.ctgce.com\/de\/wp-json\/wp\/v2\/media?parent=343"}],"curies":[{"name":"wp","href":"https:\/\/api.w.org\/{rel}","templated":true}]}}